{"id":21,"date":"2024-08-09T10:30:18","date_gmt":"2024-08-09T08:30:18","guid":{"rendered":"https:\/\/jedlinski-restrukturyzacja.pl\/?page_id=21"},"modified":"2024-09-01T18:36:31","modified_gmt":"2024-09-01T16:36:31","slug":"doradztwo-restrukturyzacyjne","status":"publish","type":"page","link":"https:\/\/jedlinski-restrukturyzacja.pl\/?page_id=21","title":{"rendered":"RESTRUKTURYZACJA"},"content":{"rendered":"\t\t<div data-elementor-type=\"wp-page\" data-elementor-id=\"21\" class=\"elementor elementor-21\" data-elementor-post-type=\"page\">\n\t\t\t\t<div class=\"elementor-element elementor-element-f7946c6 e-flex e-con-boxed e-con e-parent\" data-id=\"f7946c6\" data-element_type=\"container\" data-settings=\"{&quot;background_background&quot;:&quot;classic&quot;}\">\n\t\t\t\t\t<div class=\"e-con-inner\">\n\t\t<div class=\"elementor-element elementor-element-48aac74 e-con-full e-flex e-con e-child\" data-id=\"48aac74\" data-element_type=\"container\">\n\t\t\t\t<div class=\"elementor-element elementor-element-243ccf3 animated-slow elementor-invisible elementor-widget elementor-widget-heading\" data-id=\"243ccf3\" data-element_type=\"widget\" data-settings=\"{&quot;_animation&quot;:&quot;slideInUp&quot;}\" data-widget_type=\"heading.default\">\n\t\t\t\t<div class=\"elementor-widget-container\">\n\t\t\t<h2 class=\"elementor-heading-title elementor-size-default\">Doradztwo Restrukturyzacyjne<\/h2>\t\t<\/div>\n\t\t\t\t<\/div>\n\t\t\t\t<div class=\"elementor-element elementor-element-e7dad91 animated-slow elementor-invisible elementor-widget elementor-widget-heading\" data-id=\"e7dad91\" data-element_type=\"widget\" data-settings=\"{&quot;_animation&quot;:&quot;slideInUp&quot;}\" data-widget_type=\"heading.default\">\n\t\t\t\t<div class=\"elementor-widget-container\">\n\t\t\t<h2 class=\"elementor-heading-title elementor-size-default\">Restrukturyzacja<\/h2>\t\t<\/div>\n\t\t\t\t<\/div>\n\t\t\t\t<div class=\"elementor-element elementor-element-b70d0ae elementor-widget elementor-widget-text-editor\" data-id=\"b70d0ae\" data-element_type=\"widget\" data-widget_type=\"text-editor.default\">\n\t\t\t\t<div class=\"elementor-widget-container\">\n\t\t\t\t\t\t\t<p>Post\u0119powanie restrukturyzacyjne to procedura prawna maj\u0105ca na celu pomoc przedsi\u0119biorcom w trudnej sytuacji finansowej. Polega na restrukturyzacji zad\u0142u\u017cenia poprzez zawarcie uk\u0142adu z wierzycielami, co pozwala na unikni\u0119cie upad\u0142o\u015bci. Celem jest przywr\u00f3cenie p\u0142ynno\u015bci finansowej przedsi\u0119biorstwa, umo\u017cliwiaj\u0105c mu dalsze funkcjonowanie na rynku. Proces ten odbywa si\u0119 pod nadzorem s\u0105du i mo\u017ce obejmowa\u0107 r\u00f3\u017cne formy restrukturyzacji, takie jak odroczenie sp\u0142aty d\u0142ug\u00f3w, ich redukcj\u0119 czy te\u017c konwersj\u0119 na inne formy zobowi\u0105za\u0144.<\/p>\t\t\t\t\t\t<\/div>\n\t\t\t\t<\/div>\n\t\t\t\t<\/div>\n\t\t\t\t<div class=\"elementor-element elementor-element-1a46ee9 elementor-widget elementor-widget-image\" data-id=\"1a46ee9\" data-element_type=\"widget\" data-widget_type=\"image.default\">\n\t\t\t\t<div class=\"elementor-widget-container\">\n\t\t\t\t\t\t\t\t\t\t\t\t\t<img fetchpriority=\"high\" decoding=\"async\" width=\"1536\" height=\"1024\" src=\"https:\/\/jedlinski-restrukturyzacja.pl\/wp-content\/uploads\/2024\/08\/pexels-pixabay-159832-1536x1024.jpg\" class=\"attachment-1536x1536 size-1536x1536 wp-image-232\" alt=\"\" srcset=\"https:\/\/jedlinski-restrukturyzacja.pl\/wp-content\/uploads\/2024\/08\/pexels-pixabay-159832-1536x1024.jpg 1536w, https:\/\/jedlinski-restrukturyzacja.pl\/wp-content\/uploads\/2024\/08\/pexels-pixabay-159832-300x200.jpg 300w, https:\/\/jedlinski-restrukturyzacja.pl\/wp-content\/uploads\/2024\/08\/pexels-pixabay-159832-1024x683.jpg 1024w, https:\/\/jedlinski-restrukturyzacja.pl\/wp-content\/uploads\/2024\/08\/pexels-pixabay-159832-768x512.jpg 768w, https:\/\/jedlinski-restrukturyzacja.pl\/wp-content\/uploads\/2024\/08\/pexels-pixabay-159832-2048x1365.jpg 2048w\" sizes=\"(max-width: 1536px) 100vw, 1536px\" \/>\t\t\t\t\t\t\t\t\t\t\t\t\t<\/div>\n\t\t\t\t<\/div>\n\t\t\t\t\t<\/div>\n\t\t\t\t<\/div>\n\t\t\t\t<section class=\"elementor-section elementor-top-section elementor-element elementor-element-767b05a elementor-section-boxed elementor-section-height-default elementor-section-height-default elementor-invisible\" data-id=\"767b05a\" data-element_type=\"section\" data-settings=\"{&quot;background_background&quot;:&quot;classic&quot;,&quot;animation&quot;:&quot;fadeInLeft&quot;}\">\n\t\t\t\t\t\t<div class=\"elementor-container elementor-column-gap-default\">\n\t\t\t\t\t<div class=\"elementor-column elementor-col-50 elementor-top-column elementor-element elementor-element-c7775c8\" data-id=\"c7775c8\" data-element_type=\"column\" data-settings=\"{&quot;background_background&quot;:&quot;classic&quot;}\">\n\t\t\t<div class=\"elementor-widget-wrap elementor-element-populated\">\n\t\t\t\t\t\t<section class=\"elementor-section elementor-inner-section elementor-element elementor-element-f64be08 elementor-section-boxed elementor-section-height-default elementor-section-height-default\" data-id=\"f64be08\" data-element_type=\"section\">\n\t\t\t\t\t\t<div class=\"elementor-container elementor-column-gap-default\">\n\t\t\t\t\t<div class=\"elementor-column elementor-col-100 elementor-inner-column elementor-element elementor-element-34314a0\" data-id=\"34314a0\" data-element_type=\"column\">\n\t\t\t<div class=\"elementor-widget-wrap elementor-element-populated\">\n\t\t\t\t\t\t<div class=\"elementor-element elementor-element-fd0c807 elementor-widget elementor-widget-elementskit-heading\" data-id=\"fd0c807\" data-element_type=\"widget\" data-widget_type=\"elementskit-heading.default\">\n\t\t\t\t<div class=\"elementor-widget-container\">\n\t\t\t<div class=\"ekit-wid-con\" ><div class=\"ekit-heading elementskit-section-title-wraper text_left   ekit_heading_tablet-   ekit_heading_mobile-\"><div class=\"ekit_heading_separetor_wraper ekit_heading_elementskit-border-divider elementskit-style-long\"><div class=\"elementskit-border-divider elementskit-style-long\"><\/div><\/div><h2 class=\"ekit-heading--title elementskit-section-title \">Restrukturyzacja<\/h2><\/div><\/div>\t\t<\/div>\n\t\t\t\t<\/div>\n\t\t\t\t\t<\/div>\n\t\t<\/div>\n\t\t\t\t\t<\/div>\n\t\t<\/section>\n\t\t\t\t<section class=\"elementor-section elementor-inner-section elementor-element elementor-element-ba9aeee elementor-section-boxed elementor-section-height-default elementor-section-height-default\" data-id=\"ba9aeee\" data-element_type=\"section\">\n\t\t\t\t\t\t<div class=\"elementor-container elementor-column-gap-default\">\n\t\t\t\t\t<div class=\"elementor-column elementor-col-50 elementor-inner-column elementor-element elementor-element-6faf845\" data-id=\"6faf845\" data-element_type=\"column\">\n\t\t\t<div class=\"elementor-widget-wrap elementor-element-populated\">\n\t\t\t\t\t\t<div class=\"elementor-element elementor-element-cefa743 ekit-equal-height-disable elementor-widget elementor-widget-elementskit-icon-box\" data-id=\"cefa743\" data-element_type=\"widget\" data-widget_type=\"elementskit-icon-box.default\">\n\t\t\t\t<div class=\"elementor-widget-container\">\n\t\t\t<div class=\"ekit-wid-con\" >        <!-- link opening -->\n                <a href=\"https:\/\/jedlinski-restrukturyzacja.pl\/?page_id=21\" class=\"ekit_global_links\">\n                <!-- end link opening -->\n\n        <div class=\"elementskit-infobox text-left text-left icon-lef-right-aligin elementor-animation- media  \">\n                    <div class=\"elementskit-box-header elementor-animation-\">\n                <div class=\"elementskit-info-box-icon  text-center\">\n                    <i aria-hidden=\"true\" class=\"elementkit-infobox-icon icon icon-money-bag\"><\/i>\n                <\/div>\n          <\/div>\n                        <div class=\"box-body\">\n                            <h3 class=\"elementskit-info-box-title\">\n                    Redukcja koszt\u00f3w                <\/h3>\n                        \t\t  <p>Zmniejszenie koszt\u00f3w operacyjnych poprzez eliminacj\u0119 nieefektywnych dzia\u0142a\u0144.<\/p>\n                                <\/div>\n        \n        \n                <\/div>\n                <\/a>\n        <\/div>\t\t<\/div>\n\t\t\t\t<\/div>\n\t\t\t\t\t<\/div>\n\t\t<\/div>\n\t\t\t\t<div class=\"elementor-column elementor-col-50 elementor-inner-column elementor-element elementor-element-dbd26cf\" data-id=\"dbd26cf\" data-element_type=\"column\">\n\t\t\t<div class=\"elementor-widget-wrap elementor-element-populated\">\n\t\t\t\t\t\t<div class=\"elementor-element elementor-element-e2f7ffe ekit-equal-height-disable elementor-widget elementor-widget-elementskit-icon-box\" data-id=\"e2f7ffe\" data-element_type=\"widget\" data-widget_type=\"elementskit-icon-box.default\">\n\t\t\t\t<div class=\"elementor-widget-container\">\n\t\t\t<div class=\"ekit-wid-con\" >        <!-- link opening -->\n                <a href=\"https:\/\/jedlinski-restrukturyzacja.pl\/?page_id=21\" class=\"ekit_global_links\">\n                <!-- end link opening -->\n\n        <div class=\"elementskit-infobox text-left text-left icon-lef-right-aligin elementor-animation- media  \">\n                    <div class=\"elementskit-box-header elementor-animation-\">\n                <div class=\"elementskit-info-box-icon  text-center\">\n                    <i aria-hidden=\"true\" class=\"elementkit-infobox-icon icon icon-management\"><\/i>\n                <\/div>\n          <\/div>\n                        <div class=\"box-body\">\n                            <h3 class=\"elementskit-info-box-title\">\n                    Konsultacje                <\/h3>\n                        \t\t  <p>\u015awiadczymy kompleksowe konsultacje z zakresu prawa gospodarczego i nie tylko.<\/p>\n                                <\/div>\n        \n        \n                <\/div>\n                <\/a>\n        <\/div>\t\t<\/div>\n\t\t\t\t<\/div>\n\t\t\t\t\t<\/div>\n\t\t<\/div>\n\t\t\t\t\t<\/div>\n\t\t<\/section>\n\t\t\t\t<section class=\"elementor-section elementor-inner-section elementor-element elementor-element-c4d87df elementor-section-boxed elementor-section-height-default elementor-section-height-default\" data-id=\"c4d87df\" data-element_type=\"section\">\n\t\t\t\t\t\t<div class=\"elementor-container elementor-column-gap-default\">\n\t\t\t\t\t<div class=\"elementor-column elementor-col-50 elementor-inner-column elementor-element elementor-element-d5eb0de\" data-id=\"d5eb0de\" data-element_type=\"column\">\n\t\t\t<div class=\"elementor-widget-wrap elementor-element-populated\">\n\t\t\t\t\t\t<div class=\"elementor-element elementor-element-ce981bb ekit-equal-height-disable elementor-widget elementor-widget-elementskit-icon-box\" data-id=\"ce981bb\" data-element_type=\"widget\" data-widget_type=\"elementskit-icon-box.default\">\n\t\t\t\t<div class=\"elementor-widget-container\">\n\t\t\t<div class=\"ekit-wid-con\" >        <!-- link opening -->\n                <a href=\"https:\/\/jedlinski-restrukturyzacja.pl\/?page_id=21\" class=\"ekit_global_links\">\n                <!-- end link opening -->\n\n        <div class=\"elementskit-infobox text-left text-left icon-lef-right-aligin elementor-animation- media  \">\n                    <div class=\"elementskit-box-header elementor-animation-\">\n                <div class=\"elementskit-info-box-icon  text-center\">\n                    <i aria-hidden=\"true\" class=\"elementkit-infobox-icon icon icon-justice\"><\/i>\n                <\/div>\n          <\/div>\n                        <div class=\"box-body\">\n                            <h3 class=\"elementskit-info-box-title\">\n                    Obs\u0142uga Prawna                <\/h3>\n                        \t\t  <p>Obs\u0142ugujemy przedsi\u0119biorstwa jak i klient\u00f3w indywidualnych. Nasza specjalizacja to prawo gospodarcze.<\/p>\n                                <\/div>\n        \n        \n                <\/div>\n                <\/a>\n        <\/div>\t\t<\/div>\n\t\t\t\t<\/div>\n\t\t\t\t\t<\/div>\n\t\t<\/div>\n\t\t\t\t<div class=\"elementor-column elementor-col-50 elementor-inner-column elementor-element elementor-element-fa16d3c\" data-id=\"fa16d3c\" data-element_type=\"column\">\n\t\t\t<div class=\"elementor-widget-wrap elementor-element-populated\">\n\t\t\t\t\t\t<div class=\"elementor-element elementor-element-0b48227 ekit-equal-height-disable elementor-widget elementor-widget-elementskit-icon-box\" data-id=\"0b48227\" data-element_type=\"widget\" data-widget_type=\"elementskit-icon-box.default\">\n\t\t\t\t<div class=\"elementor-widget-container\">\n\t\t\t<div class=\"ekit-wid-con\" >        <!-- link opening -->\n                <a href=\"https:\/\/jedlinski-restrukturyzacja.pl\/?page_id=21\" class=\"ekit_global_links\">\n                <!-- end link opening -->\n\n        <div class=\"elementskit-infobox text-left text-left icon-lef-right-aligin elementor-animation- media  \">\n                    <div class=\"elementskit-box-header elementor-animation-\">\n                <div class=\"elementskit-info-box-icon  text-center\">\n                    <i aria-hidden=\"true\" class=\"elementkit-infobox-icon icon icon-pen\"><\/i>\n                <\/div>\n          <\/div>\n                        <div class=\"box-body\">\n                            <h3 class=\"elementskit-info-box-title\">\n                    Pisanie Wniosk\u00f3w                <\/h3>\n                        \t\t  <p>Zajmujemy si\u0119 obs\u0142ug\u0105 naszych klient\u00f3w na wszelkich etapach post\u0119powa\u0144.<\/p>\n                                <\/div>\n        \n        \n                <\/div>\n                <\/a>\n        <\/div>\t\t<\/div>\n\t\t\t\t<\/div>\n\t\t\t\t\t<\/div>\n\t\t<\/div>\n\t\t\t\t\t<\/div>\n\t\t<\/section>\n\t\t\t\t\t<\/div>\n\t\t<\/div>\n\t\t\t\t<div class=\"elementor-column elementor-col-50 elementor-top-column elementor-element elementor-element-7131f10 elementor-hidden-tablet elementor-hidden-phone\" data-id=\"7131f10\" data-element_type=\"column\">\n\t\t\t<div class=\"elementor-widget-wrap elementor-element-populated\">\n\t\t\t\t\t\t<div class=\"elementor-element elementor-element-8d714fe elementor-widget__width-initial elementor-widget elementor-widget-image\" data-id=\"8d714fe\" data-element_type=\"widget\" data-widget_type=\"image.default\">\n\t\t\t\t<div class=\"elementor-widget-container\">\n\t\t\t\t\t\t\t\t\t\t\t\t\t<img decoding=\"async\" width=\"1024\" height=\"683\" src=\"https:\/\/jedlinski-restrukturyzacja.pl\/wp-content\/uploads\/2024\/08\/pexels-olly-859264-1024x683.jpg\" class=\"attachment-large size-large wp-image-278\" alt=\"\" srcset=\"https:\/\/jedlinski-restrukturyzacja.pl\/wp-content\/uploads\/2024\/08\/pexels-olly-859264-1024x683.jpg 1024w, https:\/\/jedlinski-restrukturyzacja.pl\/wp-content\/uploads\/2024\/08\/pexels-olly-859264-300x200.jpg 300w, https:\/\/jedlinski-restrukturyzacja.pl\/wp-content\/uploads\/2024\/08\/pexels-olly-859264-768x512.jpg 768w, https:\/\/jedlinski-restrukturyzacja.pl\/wp-content\/uploads\/2024\/08\/pexels-olly-859264-1536x1024.jpg 1536w, https:\/\/jedlinski-restrukturyzacja.pl\/wp-content\/uploads\/2024\/08\/pexels-olly-859264-2048x1365.jpg 2048w\" sizes=\"(max-width: 1024px) 100vw, 1024px\" \/>\t\t\t\t\t\t\t\t\t\t\t\t\t<\/div>\n\t\t\t\t<\/div>\n\t\t\t\t\t<\/div>\n\t\t<\/div>\n\t\t\t\t\t<\/div>\n\t\t<\/section>\n\t\t\t\t<\/div>\n\t\t","protected":false},"excerpt":{"rendered":"<p>Doradztwo Restrukturyzacyjne Restrukturyzacja Post\u0119powanie restrukturyzacyjne to procedura prawna maj\u0105ca na celu pomoc przedsi\u0119biorcom w trudnej sytuacji finansowej. Polega na restrukturyzacji [&hellip;]<\/p>\n","protected":false},"author":1,"featured_media":0,"parent":0,"menu_order":0,"comment_status":"closed","ping_status":"closed","template":"","meta":{"site-sidebar-layout":"no-sidebar","site-content-layout":"","ast-site-content-layout":"full-width-container","site-content-style":"default","site-sidebar-style":"default","ast-global-header-display":"","ast-banner-title-visibility":"","ast-main-header-display":"","ast-hfb-above-header-display":"","ast-hfb-below-header-display":"","ast-hfb-mobile-header-display":"","site-post-title":"disabled","ast-breadcrumbs-content":"","ast-featured-img":"disabled","footer-sml-layout":"","theme-transparent-header-meta":"","adv-header-id-meta":"","stick-header-meta":"","header-above-stick-meta":"","header-main-stick-meta":"","header-below-stick-meta":"","astra-migrate-meta-layouts":"default","ast-page-background-enabled":"default","ast-page-background-meta":{"desktop":{"background-color":"var(--ast-global-color-4)","background-image":"","background-repeat":"repeat","background-position":"center center","background-size":"auto","background-attachment":"scroll","background-type":"","background-media":"","overlay-type":"","overlay-color":"","overlay-opacity":"","overlay-gradient":""},"tablet":{"background-color":"","background-image":"","background-repeat":"repeat","background-position":"center center","background-size":"auto","background-attachment":"scroll","background-type":"","background-media":"","overlay-type":"","overlay-color":"","overlay-opacity":"","overlay-gradient":""},"mobile":{"background-color":"","background-image":"","background-repeat":"repeat","background-position":"center center","background-size":"auto","background-attachment":"scroll","background-type":"","background-media":"","overlay-type":"","overlay-color":"","overlay-opacity":"","overlay-gradient":""}},"ast-content-background-meta":{"desktop":{"background-color":"var(--ast-global-color-5)","background-image":"","background-repeat":"repeat","background-position":"center center","background-size":"auto","background-attachment":"scroll","background-type":"","background-media":"","overlay-type":"","overlay-color":"","overlay-opacity":"","overlay-gradient":""},"tablet":{"background-color":"var(--ast-global-color-5)","background-image":"","background-repeat":"repeat","background-position":"center center","background-size":"auto","background-attachment":"scroll","background-type":"","background-media":"","overlay-type":"","overlay-color":"","overlay-opacity":"","overlay-gradient":""},"mobile":{"background-color":"var(--ast-global-color-5)","background-image":"","background-repeat":"repeat","background-position":"center center","background-size":"auto","background-attachment":"scroll","background-type":"","background-media":"","overlay-type":"","overlay-color":"","overlay-opacity":"","overlay-gradient":""}},"footnotes":""},"class_list":["post-21","page","type-page","status-publish","hentry"],"yoast_head":"<!-- This site is optimized with the Yoast SEO plugin v23.3 - https:\/\/yoast.com\/wordpress\/plugins\/seo\/ -->\n<title>Doradztwo Restrukturyzacyjne - Jedli\u0144ski i Wsp\u00f3lnicy<\/title>\n<meta name=\"description\" content=\"Analizujemy problemy przedsi\u0119biorstwa i opracowujemy strategi\u0119 wyj\u015bcia z kryzysu oraz wdro\u017ceniu dzia\u0142a\u0144 naprawczych.\" \/>\n<meta name=\"robots\" content=\"index, follow, max-snippet:-1, max-image-preview:large, max-video-preview:-1\" \/>\n<link rel=\"canonical\" href=\"https:\/\/jedlinski-restrukturyzacja.pl\/?page_id=21\" \/>\n<meta property=\"og:locale\" content=\"en_US\" \/>\n<meta property=\"og:type\" content=\"article\" \/>\n<meta property=\"og:title\" content=\"Doradztwo Restrukturyzacyjne - Jedli\u0144ski i Wsp\u00f3lnicy\" \/>\n<meta property=\"og:description\" content=\"Analizujemy problemy przedsi\u0119biorstwa i opracowujemy strategi\u0119 wyj\u015bcia z kryzysu oraz wdro\u017ceniu dzia\u0142a\u0144 naprawczych.\" \/>\n<meta property=\"og:url\" content=\"https:\/\/jedlinski-restrukturyzacja.pl\/?page_id=21\" \/>\n<meta property=\"og:site_name\" content=\"Jedli\u0144ski-Restrukturyzacja\" \/>\n<meta property=\"article:modified_time\" content=\"2024-09-01T16:36:31+00:00\" \/>\n<meta property=\"og:image\" content=\"https:\/\/jedlinski-restrukturyzacja.pl\/wp-content\/uploads\/2024\/08\/pexels-pixabay-159832-1536x1024.jpg\" \/>\n<meta name=\"twitter:card\" content=\"summary_large_image\" \/>\n<meta name=\"twitter:label1\" content=\"Est. reading time\" \/>\n\t<meta name=\"twitter:data1\" content=\"2 minutes\" \/>\n<script type=\"application\/ld+json\" class=\"yoast-schema-graph\">{\"@context\":\"https:\/\/schema.org\",\"@graph\":[{\"@type\":\"WebPage\",\"@id\":\"https:\/\/jedlinski-restrukturyzacja.pl\/?page_id=21\",\"url\":\"https:\/\/jedlinski-restrukturyzacja.pl\/?page_id=21\",\"name\":\"Doradztwo Restrukturyzacyjne - Jedli\u0144ski i Wsp\u00f3lnicy\",\"isPartOf\":{\"@id\":\"https:\/\/jedlinski-restrukturyzacja.pl\/#website\"},\"primaryImageOfPage\":{\"@id\":\"https:\/\/jedlinski-restrukturyzacja.pl\/?page_id=21#primaryimage\"},\"image\":{\"@id\":\"https:\/\/jedlinski-restrukturyzacja.pl\/?page_id=21#primaryimage\"},\"thumbnailUrl\":\"https:\/\/jedlinski-restrukturyzacja.pl\/wp-content\/uploads\/2024\/08\/pexels-pixabay-159832-1536x1024.jpg\",\"datePublished\":\"2024-08-09T08:30:18+00:00\",\"dateModified\":\"2024-09-01T16:36:31+00:00\",\"description\":\"Analizujemy problemy przedsi\u0119biorstwa i opracowujemy strategi\u0119 wyj\u015bcia z kryzysu oraz wdro\u017ceniu dzia\u0142a\u0144 naprawczych.\",\"breadcrumb\":{\"@id\":\"https:\/\/jedlinski-restrukturyzacja.pl\/?page_id=21#breadcrumb\"},\"inLanguage\":\"en-US\",\"potentialAction\":[{\"@type\":\"ReadAction\",\"target\":[\"https:\/\/jedlinski-restrukturyzacja.pl\/?page_id=21\"]}]},{\"@type\":\"ImageObject\",\"inLanguage\":\"en-US\",\"@id\":\"https:\/\/jedlinski-restrukturyzacja.pl\/?page_id=21#primaryimage\",\"url\":\"https:\/\/jedlinski-restrukturyzacja.pl\/wp-content\/uploads\/2024\/08\/pexels-pixabay-159832.jpg\",\"contentUrl\":\"https:\/\/jedlinski-restrukturyzacja.pl\/wp-content\/uploads\/2024\/08\/pexels-pixabay-159832.jpg\",\"width\":5184,\"height\":3456},{\"@type\":\"BreadcrumbList\",\"@id\":\"https:\/\/jedlinski-restrukturyzacja.pl\/?page_id=21#breadcrumb\",\"itemListElement\":[{\"@type\":\"ListItem\",\"position\":1,\"name\":\"Strona g\u0142\u00f3wna\",\"item\":\"https:\/\/jedlinski-restrukturyzacja.pl\/\"},{\"@type\":\"ListItem\",\"position\":2,\"name\":\"RESTRUKTURYZACJA\"}]},{\"@type\":\"WebSite\",\"@id\":\"https:\/\/jedlinski-restrukturyzacja.pl\/#website\",\"url\":\"https:\/\/jedlinski-restrukturyzacja.pl\/\",\"name\":\"Jedli\u0144ski-Restrukturyzacja\",\"description\":\"\",\"potentialAction\":[{\"@type\":\"SearchAction\",\"target\":{\"@type\":\"EntryPoint\",\"urlTemplate\":\"https:\/\/jedlinski-restrukturyzacja.pl\/?s={search_term_string}\"},\"query-input\":\"required name=search_term_string\"}],\"inLanguage\":\"en-US\"}]}<\/script>\n<!-- \/ Yoast SEO plugin. -->","yoast_head_json":{"title":"Doradztwo Restrukturyzacyjne - Jedli\u0144ski i Wsp\u00f3lnicy","description":"Analizujemy problemy przedsi\u0119biorstwa i opracowujemy strategi\u0119 wyj\u015bcia z kryzysu oraz wdro\u017ceniu dzia\u0142a\u0144 naprawczych.","robots":{"index":"index","follow":"follow","max-snippet":"max-snippet:-1","max-image-preview":"max-image-preview:large","max-video-preview":"max-video-preview:-1"},"canonical":"https:\/\/jedlinski-restrukturyzacja.pl\/?page_id=21","og_locale":"en_US","og_type":"article","og_title":"Doradztwo Restrukturyzacyjne - Jedli\u0144ski i Wsp\u00f3lnicy","og_description":"Analizujemy problemy przedsi\u0119biorstwa i opracowujemy strategi\u0119 wyj\u015bcia z kryzysu oraz wdro\u017ceniu dzia\u0142a\u0144 naprawczych.","og_url":"https:\/\/jedlinski-restrukturyzacja.pl\/?page_id=21","og_site_name":"Jedli\u0144ski-Restrukturyzacja","article_modified_time":"2024-09-01T16:36:31+00:00","og_image":[{"url":"https:\/\/jedlinski-restrukturyzacja.pl\/wp-content\/uploads\/2024\/08\/pexels-pixabay-159832-1536x1024.jpg"}],"twitter_card":"summary_large_image","twitter_misc":{"Est. reading time":"2 minutes"},"schema":{"@context":"https:\/\/schema.org","@graph":[{"@type":"WebPage","@id":"https:\/\/jedlinski-restrukturyzacja.pl\/?page_id=21","url":"https:\/\/jedlinski-restrukturyzacja.pl\/?page_id=21","name":"Doradztwo Restrukturyzacyjne - Jedli\u0144ski i Wsp\u00f3lnicy","isPartOf":{"@id":"https:\/\/jedlinski-restrukturyzacja.pl\/#website"},"primaryImageOfPage":{"@id":"https:\/\/jedlinski-restrukturyzacja.pl\/?page_id=21#primaryimage"},"image":{"@id":"https:\/\/jedlinski-restrukturyzacja.pl\/?page_id=21#primaryimage"},"thumbnailUrl":"https:\/\/jedlinski-restrukturyzacja.pl\/wp-content\/uploads\/2024\/08\/pexels-pixabay-159832-1536x1024.jpg","datePublished":"2024-08-09T08:30:18+00:00","dateModified":"2024-09-01T16:36:31+00:00","description":"Analizujemy problemy przedsi\u0119biorstwa i opracowujemy strategi\u0119 wyj\u015bcia z kryzysu oraz wdro\u017ceniu dzia\u0142a\u0144 naprawczych.","breadcrumb":{"@id":"https:\/\/jedlinski-restrukturyzacja.pl\/?page_id=21#breadcrumb"},"inLanguage":"en-US","potentialAction":[{"@type":"ReadAction","target":["https:\/\/jedlinski-restrukturyzacja.pl\/?page_id=21"]}]},{"@type":"ImageObject","inLanguage":"en-US","@id":"https:\/\/jedlinski-restrukturyzacja.pl\/?page_id=21#primaryimage","url":"https:\/\/jedlinski-restrukturyzacja.pl\/wp-content\/uploads\/2024\/08\/pexels-pixabay-159832.jpg","contentUrl":"https:\/\/jedlinski-restrukturyzacja.pl\/wp-content\/uploads\/2024\/08\/pexels-pixabay-159832.jpg","width":5184,"height":3456},{"@type":"BreadcrumbList","@id":"https:\/\/jedlinski-restrukturyzacja.pl\/?page_id=21#breadcrumb","itemListElement":[{"@type":"ListItem","position":1,"name":"Strona g\u0142\u00f3wna","item":"https:\/\/jedlinski-restrukturyzacja.pl\/"},{"@type":"ListItem","position":2,"name":"RESTRUKTURYZACJA"}]},{"@type":"WebSite","@id":"https:\/\/jedlinski-restrukturyzacja.pl\/#website","url":"https:\/\/jedlinski-restrukturyzacja.pl\/","name":"Jedli\u0144ski-Restrukturyzacja","description":"","potentialAction":[{"@type":"SearchAction","target":{"@type":"EntryPoint","urlTemplate":"https:\/\/jedlinski-restrukturyzacja.pl\/?s={search_term_string}"},"query-input":"required name=search_term_string"}],"inLanguage":"en-US"}]}},"_links":{"self":[{"href":"https:\/\/jedlinski-restrukturyzacja.pl\/index.php?rest_route=\/wp\/v2\/pages\/21","targetHints":{"allow":["GET"]}}],"collection":[{"href":"https:\/\/jedlinski-restrukturyzacja.pl\/index.php?rest_route=\/wp\/v2\/pages"}],"about":[{"href":"https:\/\/jedlinski-restrukturyzacja.pl\/index.php?rest_route=\/wp\/v2\/types\/page"}],"author":[{"embeddable":true,"href":"https:\/\/jedlinski-restrukturyzacja.pl\/index.php?rest_route=\/wp\/v2\/users\/1"}],"replies":[{"embeddable":true,"href":"https:\/\/jedlinski-restrukturyzacja.pl\/index.php?rest_route=%2Fwp%2Fv2%2Fcomments&post=21"}],"version-history":[{"count":10,"href":"https:\/\/jedlinski-restrukturyzacja.pl\/index.php?rest_route=\/wp\/v2\/pages\/21\/revisions"}],"predecessor-version":[{"id":880,"href":"https:\/\/jedlinski-restrukturyzacja.pl\/index.php?rest_route=\/wp\/v2\/pages\/21\/revisions\/880"}],"wp:attachment":[{"href":"https:\/\/jedlinski-restrukturyzacja.pl\/index.php?rest_route=%2Fwp%2Fv2%2Fmedia&parent=21"}],"curies":[{"name":"wp","href":"https:\/\/api.w.org\/{rel}","templated":true}]}}