{"id":616,"date":"2024-08-15T16:55:01","date_gmt":"2024-08-15T14:55:01","guid":{"rendered":"https:\/\/jedlinski-restrukturyzacja.pl\/?page_id=616"},"modified":"2024-08-15T17:02:02","modified_gmt":"2024-08-15T15:02:02","slug":"wojewodztwo-zachodniopomorskie-powiat-drawski-obr-ostrowice","status":"publish","type":"page","link":"https:\/\/jedlinski-restrukturyzacja.pl\/?page_id=616","title":{"rendered":"wojew\u00f3dztwo zachodniopomorskie, powiat drawski, obr. Ostrowice"},"content":{"rendered":"\t\t<div data-elementor-type=\"wp-page\" data-elementor-id=\"616\" class=\"elementor elementor-616\" data-elementor-post-type=\"page\">\n\t\t\t\t<div class=\"elementor-element elementor-element-0146f3d e-flex e-con-boxed e-con e-parent\" data-id=\"0146f3d\" data-element_type=\"container\">\n\t\t\t\t\t<div class=\"e-con-inner\">\n\t\t\t\t<div class=\"elementor-element elementor-element-6a1634a elementor-widget elementor-widget-heading\" data-id=\"6a1634a\" data-element_type=\"widget\" data-widget_type=\"heading.default\">\n\t\t\t\t<div class=\"elementor-widget-container\">\n\t\t\t<h2 class=\"elementor-heading-title elementor-size-default\">DORADCA RESTRUKTURYZACYJNY OFERUJE DO SPRZEDA\u017bY\n<\/h2>\t\t<\/div>\n\t\t\t\t<\/div>\n\t\t\t\t\t<\/div>\n\t\t\t\t<\/div>\n\t\t<div class=\"elementor-element elementor-element-ee2581b e-flex e-con-boxed e-con e-parent\" data-id=\"ee2581b\" data-element_type=\"container\">\n\t\t\t\t\t<div class=\"e-con-inner\">\n\t\t\t\t<div class=\"elementor-element elementor-element-6d4adcd elementor-widget elementor-widget-text-editor\" data-id=\"6d4adcd\" data-element_type=\"widget\" data-widget_type=\"text-editor.default\">\n\t\t\t\t<div class=\"elementor-widget-container\">\n\t\t\t\t\t\t\t<p>Lokalizacja: wojew\u00f3dztwo zachodniopomorskie, powiat drawski, obr. Ostrowice<br><br>Las &#8211; uprawa le\u015bna posiadaj\u0105ca Uproszczony Plan Urz\u0105dzenia Lasu, zasadzona<br>zgodnie z wszelkimi zasadami obowi\u0105zuj\u0105cymi w Lasach Pa\u0144stwowych.<br><br>\u0141\u0105czna powierzchnia: 14,5852 ha.<br><br>Nasadzenia: sosna, modrzew, \u015bwierk, brzoza, akacja olcha, d\u0105b czarny i czerwony,<br>ptasia czere\u015bnia, jesion, klon \u2013 przeci\u0119tnie na 1ha 4300 szt., na ca\u0142ym obszarze<br>ok. 6000 szt.<br><br>Data wykonania nasadze\u0144: 1999 &#8211; 2001<br><br>Po osi\u0105gnieciu wieku r\u0119bno\u015bci las b\u0119dzie stanowi\u0142 bardzo du\u017c\u0105 warto\u015b\u0107 nie tylko<br>ekonomiczn\u0105 ale r\u00f3wnie\u017c przyrodnicz\u0105. W kompleksie le\u015bnym zlokalizowane s\u0105 dwa<br>miejsca z \u0142atwym dost\u0119pem do wody i energii elektrycznej, na kt\u00f3rych mo\u017cliwe b\u0119dzie<br>posadowienie zabudowa\u0144.<br><br>Kontakt pod numerem telefonu: 665 454 333<\/p>\t\t\t\t\t\t<\/div>\n\t\t\t\t<\/div>\n\t\t\t\t\t<\/div>\n\t\t\t\t<\/div>\n\t\t\t\t<\/div>\n\t\t","protected":false},"excerpt":{"rendered":"<p>DORADCA RESTRUKTURYZACYJNY OFERUJE DO SPRZEDA\u017bY Lokalizacja: wojew\u00f3dztwo zachodniopomorskie, powiat drawski, obr. Ostrowice Las &#8211; uprawa le\u015bna posiadaj\u0105ca Uproszczony Plan Urz\u0105dzenia [&hellip;]<\/p>\n","protected":false},"author":1,"featured_media":0,"parent":0,"menu_order":0,"comment_status":"closed","ping_status":"closed","template":"","meta":{"site-sidebar-layout":"no-sidebar","site-content-layout":"","ast-site-content-layout":"full-width-container","site-content-style":"default","site-sidebar-style":"default","ast-global-header-display":"","ast-banner-title-visibility":"","ast-main-header-display":"","ast-hfb-above-header-display":"","ast-hfb-below-header-display":"","ast-hfb-mobile-header-display":"","site-post-title":"disabled","ast-breadcrumbs-content":"","ast-featured-img":"disabled","footer-sml-layout":"","theme-transparent-header-meta":"","adv-header-id-meta":"","stick-header-meta":"","header-above-stick-meta":"","header-main-stick-meta":"","header-below-stick-meta":"","astra-migrate-meta-layouts":"default","ast-page-background-enabled":"default","ast-page-background-meta":{"desktop":{"background-color":"var(--ast-global-color-4)","background-image":"","background-repeat":"repeat","background-position":"center center","background-size":"auto","background-attachment":"scroll","background-type":"","background-media":"","overlay-type":"","overlay-color":"","overlay-opacity":"","overlay-gradient":""},"tablet":{"background-color":"","background-image":"","background-repeat":"repeat","background-position":"center center","background-size":"auto","background-attachment":"scroll","background-type":"","background-media":"","overlay-type":"","overlay-color":"","overlay-opacity":"","overlay-gradient":""},"mobile":{"background-color":"","background-image":"","background-repeat":"repeat","background-position":"center center","background-size":"auto","background-attachment":"scroll","background-type":"","background-media":"","overlay-type":"","overlay-color":"","overlay-opacity":"","overlay-gradient":""}},"ast-content-background-meta":{"desktop":{"background-color":"var(--ast-global-color-5)","background-image":"","background-repeat":"repeat","background-position":"center center","background-size":"auto","background-attachment":"scroll","background-type":"","background-media":"","overlay-type":"","overlay-color":"","overlay-opacity":"","overlay-gradient":""},"tablet":{"background-color":"var(--ast-global-color-5)","background-image":"","background-repeat":"repeat","background-position":"center center","background-size":"auto","background-attachment":"scroll","background-type":"","background-media":"","overlay-type":"","overlay-color":"","overlay-opacity":"","overlay-gradient":""},"mobile":{"background-color":"var(--ast-global-color-5)","background-image":"","background-repeat":"repeat","background-position":"center center","background-size":"auto","background-attachment":"scroll","background-type":"","background-media":"","overlay-type":"","overlay-color":"","overlay-opacity":"","overlay-gradient":""}},"footnotes":""},"class_list":["post-616","page","type-page","status-publish","hentry"],"yoast_head":"<!-- This site is optimized with the Yoast SEO plugin v23.3 - https:\/\/yoast.com\/wordpress\/plugins\/seo\/ -->\n<title>wojew\u00f3dztwo zachodniopomorskie, powiat drawski, obr. Ostrowice - Jedli\u0144ski-Restrukturyzacja<\/title>\n<meta name=\"description\" content=\"Las - uprawa le\u015bna posiadaj\u0105ca Uproszczony Plan Urz\u0105dzenia Lasu, zasadzonazgodnie z wszelkimi zasadami obowi\u0105zuj\u0105cymi w Lasach Pa\u0144stwowych.\" \/>\n<meta name=\"robots\" content=\"index, follow, max-snippet:-1, max-image-preview:large, max-video-preview:-1\" \/>\n<link rel=\"canonical\" href=\"https:\/\/jedlinski-restrukturyzacja.pl\/?page_id=616\" \/>\n<meta property=\"og:locale\" content=\"en_US\" \/>\n<meta property=\"og:type\" content=\"article\" \/>\n<meta property=\"og:title\" content=\"wojew\u00f3dztwo zachodniopomorskie, powiat drawski, obr. Ostrowice - Jedli\u0144ski-Restrukturyzacja\" \/>\n<meta property=\"og:description\" content=\"Las - uprawa le\u015bna posiadaj\u0105ca Uproszczony Plan Urz\u0105dzenia Lasu, zasadzonazgodnie z wszelkimi zasadami obowi\u0105zuj\u0105cymi w Lasach Pa\u0144stwowych.\" \/>\n<meta property=\"og:url\" content=\"https:\/\/jedlinski-restrukturyzacja.pl\/?page_id=616\" \/>\n<meta property=\"og:site_name\" content=\"Jedli\u0144ski-Restrukturyzacja\" \/>\n<meta property=\"article:modified_time\" content=\"2024-08-15T15:02:02+00:00\" \/>\n<meta name=\"twitter:card\" content=\"summary_large_image\" \/>\n<meta name=\"twitter:label1\" content=\"Est. reading time\" \/>\n\t<meta name=\"twitter:data1\" content=\"1 minute\" \/>\n<script type=\"application\/ld+json\" class=\"yoast-schema-graph\">{\"@context\":\"https:\/\/schema.org\",\"@graph\":[{\"@type\":\"WebPage\",\"@id\":\"https:\/\/jedlinski-restrukturyzacja.pl\/?page_id=616\",\"url\":\"https:\/\/jedlinski-restrukturyzacja.pl\/?page_id=616\",\"name\":\"wojew\u00f3dztwo zachodniopomorskie, powiat drawski, obr. Ostrowice - Jedli\u0144ski-Restrukturyzacja\",\"isPartOf\":{\"@id\":\"https:\/\/jedlinski-restrukturyzacja.pl\/#website\"},\"datePublished\":\"2024-08-15T14:55:01+00:00\",\"dateModified\":\"2024-08-15T15:02:02+00:00\",\"description\":\"Las - uprawa le\u015bna posiadaj\u0105ca Uproszczony Plan Urz\u0105dzenia Lasu, zasadzonazgodnie z wszelkimi zasadami obowi\u0105zuj\u0105cymi w Lasach Pa\u0144stwowych.\",\"breadcrumb\":{\"@id\":\"https:\/\/jedlinski-restrukturyzacja.pl\/?page_id=616#breadcrumb\"},\"inLanguage\":\"en-US\",\"potentialAction\":[{\"@type\":\"ReadAction\",\"target\":[\"https:\/\/jedlinski-restrukturyzacja.pl\/?page_id=616\"]}]},{\"@type\":\"BreadcrumbList\",\"@id\":\"https:\/\/jedlinski-restrukturyzacja.pl\/?page_id=616#breadcrumb\",\"itemListElement\":[{\"@type\":\"ListItem\",\"position\":1,\"name\":\"Strona g\u0142\u00f3wna\",\"item\":\"https:\/\/jedlinski-restrukturyzacja.pl\/\"},{\"@type\":\"ListItem\",\"position\":2,\"name\":\"wojew\u00f3dztwo zachodniopomorskie, powiat drawski, obr. Ostrowice\"}]},{\"@type\":\"WebSite\",\"@id\":\"https:\/\/jedlinski-restrukturyzacja.pl\/#website\",\"url\":\"https:\/\/jedlinski-restrukturyzacja.pl\/\",\"name\":\"Jedli\u0144ski-Restrukturyzacja\",\"description\":\"\",\"potentialAction\":[{\"@type\":\"SearchAction\",\"target\":{\"@type\":\"EntryPoint\",\"urlTemplate\":\"https:\/\/jedlinski-restrukturyzacja.pl\/?s={search_term_string}\"},\"query-input\":\"required name=search_term_string\"}],\"inLanguage\":\"en-US\"}]}<\/script>\n<!-- \/ Yoast SEO plugin. -->","yoast_head_json":{"title":"wojew\u00f3dztwo zachodniopomorskie, powiat drawski, obr. Ostrowice - Jedli\u0144ski-Restrukturyzacja","description":"Las - uprawa le\u015bna posiadaj\u0105ca Uproszczony Plan Urz\u0105dzenia Lasu, zasadzonazgodnie z wszelkimi zasadami obowi\u0105zuj\u0105cymi w Lasach Pa\u0144stwowych.","robots":{"index":"index","follow":"follow","max-snippet":"max-snippet:-1","max-image-preview":"max-image-preview:large","max-video-preview":"max-video-preview:-1"},"canonical":"https:\/\/jedlinski-restrukturyzacja.pl\/?page_id=616","og_locale":"en_US","og_type":"article","og_title":"wojew\u00f3dztwo zachodniopomorskie, powiat drawski, obr. Ostrowice - Jedli\u0144ski-Restrukturyzacja","og_description":"Las - uprawa le\u015bna posiadaj\u0105ca Uproszczony Plan Urz\u0105dzenia Lasu, zasadzonazgodnie z wszelkimi zasadami obowi\u0105zuj\u0105cymi w Lasach Pa\u0144stwowych.","og_url":"https:\/\/jedlinski-restrukturyzacja.pl\/?page_id=616","og_site_name":"Jedli\u0144ski-Restrukturyzacja","article_modified_time":"2024-08-15T15:02:02+00:00","twitter_card":"summary_large_image","twitter_misc":{"Est. reading time":"1 minute"},"schema":{"@context":"https:\/\/schema.org","@graph":[{"@type":"WebPage","@id":"https:\/\/jedlinski-restrukturyzacja.pl\/?page_id=616","url":"https:\/\/jedlinski-restrukturyzacja.pl\/?page_id=616","name":"wojew\u00f3dztwo zachodniopomorskie, powiat drawski, obr. Ostrowice - Jedli\u0144ski-Restrukturyzacja","isPartOf":{"@id":"https:\/\/jedlinski-restrukturyzacja.pl\/#website"},"datePublished":"2024-08-15T14:55:01+00:00","dateModified":"2024-08-15T15:02:02+00:00","description":"Las - uprawa le\u015bna posiadaj\u0105ca Uproszczony Plan Urz\u0105dzenia Lasu, zasadzonazgodnie z wszelkimi zasadami obowi\u0105zuj\u0105cymi w Lasach Pa\u0144stwowych.","breadcrumb":{"@id":"https:\/\/jedlinski-restrukturyzacja.pl\/?page_id=616#breadcrumb"},"inLanguage":"en-US","potentialAction":[{"@type":"ReadAction","target":["https:\/\/jedlinski-restrukturyzacja.pl\/?page_id=616"]}]},{"@type":"BreadcrumbList","@id":"https:\/\/jedlinski-restrukturyzacja.pl\/?page_id=616#breadcrumb","itemListElement":[{"@type":"ListItem","position":1,"name":"Strona g\u0142\u00f3wna","item":"https:\/\/jedlinski-restrukturyzacja.pl\/"},{"@type":"ListItem","position":2,"name":"wojew\u00f3dztwo zachodniopomorskie, powiat drawski, obr. Ostrowice"}]},{"@type":"WebSite","@id":"https:\/\/jedlinski-restrukturyzacja.pl\/#website","url":"https:\/\/jedlinski-restrukturyzacja.pl\/","name":"Jedli\u0144ski-Restrukturyzacja","description":"","potentialAction":[{"@type":"SearchAction","target":{"@type":"EntryPoint","urlTemplate":"https:\/\/jedlinski-restrukturyzacja.pl\/?s={search_term_string}"},"query-input":"required name=search_term_string"}],"inLanguage":"en-US"}]}},"_links":{"self":[{"href":"https:\/\/jedlinski-restrukturyzacja.pl\/index.php?rest_route=\/wp\/v2\/pages\/616","targetHints":{"allow":["GET"]}}],"collection":[{"href":"https:\/\/jedlinski-restrukturyzacja.pl\/index.php?rest_route=\/wp\/v2\/pages"}],"about":[{"href":"https:\/\/jedlinski-restrukturyzacja.pl\/index.php?rest_route=\/wp\/v2\/types\/page"}],"author":[{"embeddable":true,"href":"https:\/\/jedlinski-restrukturyzacja.pl\/index.php?rest_route=\/wp\/v2\/users\/1"}],"replies":[{"embeddable":true,"href":"https:\/\/jedlinski-restrukturyzacja.pl\/index.php?rest_route=%2Fwp%2Fv2%2Fcomments&post=616"}],"version-history":[{"count":7,"href":"https:\/\/jedlinski-restrukturyzacja.pl\/index.php?rest_route=\/wp\/v2\/pages\/616\/revisions"}],"predecessor-version":[{"id":634,"href":"https:\/\/jedlinski-restrukturyzacja.pl\/index.php?rest_route=\/wp\/v2\/pages\/616\/revisions\/634"}],"wp:attachment":[{"href":"https:\/\/jedlinski-restrukturyzacja.pl\/index.php?rest_route=%2Fwp%2Fv2%2Fmedia&parent=616"}],"curies":[{"name":"wp","href":"https:\/\/api.w.org\/{rel}","templated":true}]}}