{"id":624,"date":"2024-08-15T16:58:00","date_gmt":"2024-08-15T14:58:00","guid":{"rendered":"https:\/\/jedlinski-restrukturyzacja.pl\/?page_id=624"},"modified":"2024-08-15T17:00:41","modified_gmt":"2024-08-15T15:00:41","slug":"wojewodztwo-dolnoslaskie-powiat-lubanski-obr-0007-olszyna-dolna","status":"publish","type":"page","link":"https:\/\/jedlinski-restrukturyzacja.pl\/?page_id=624","title":{"rendered":"wojew\u00f3dztwo dolno\u015bl\u0105skie, powiat luba\u0144ski, obr. 0007 Olszyna Dolna"},"content":{"rendered":"\t\t<div data-elementor-type=\"wp-page\" data-elementor-id=\"624\" class=\"elementor elementor-624\" data-elementor-post-type=\"page\">\n\t\t\t\t<div class=\"elementor-element elementor-element-3bef615 e-flex e-con-boxed e-con e-parent\" data-id=\"3bef615\" data-element_type=\"container\">\n\t\t\t\t\t<div class=\"e-con-inner\">\n\t\t\t\t<div class=\"elementor-element elementor-element-3d88201 elementor-widget elementor-widget-heading\" data-id=\"3d88201\" data-element_type=\"widget\" data-widget_type=\"heading.default\">\n\t\t\t\t<div class=\"elementor-widget-container\">\n\t\t\t<h2 class=\"elementor-heading-title elementor-size-default\">DORADCA RESTRUKTURYZACYJNY OFERUJE DO SPRZEDA\u017bY<\/h2>\t\t<\/div>\n\t\t\t\t<\/div>\n\t\t\t\t\t<\/div>\n\t\t\t\t<\/div>\n\t\t<div class=\"elementor-element elementor-element-db96694 e-flex e-con-boxed e-con e-parent\" data-id=\"db96694\" data-element_type=\"container\">\n\t\t\t\t\t<div class=\"e-con-inner\">\n\t\t\t\t<div class=\"elementor-element elementor-element-5f3a486 elementor-widget elementor-widget-text-editor\" data-id=\"5f3a486\" data-element_type=\"widget\" data-widget_type=\"text-editor.default\">\n\t\t\t\t<div class=\"elementor-widget-container\">\n\t\t\t\t\t\t\t<p>Lokalizacja: wojew\u00f3dztwo dolno\u015bl\u0105skie, powiat luba\u0144ski, obr. 0007 Olszyna Dolna<br>Nieruchomo\u015b\u0107 gruntowa zabudowana zespo\u0142em pa\u0142acowo \u2013 parkowym, po\u0142o\u017cona w granicach dzia\u0142ki<br>oznaczonej w ewidencji grunt\u00f3w nr 231\/6 w Olszynie Dolnej o powierzchni 73 994 m2.<br><br>W sk\u0142ad nieruchomo\u015bci wchodz\u0105:<br><br>\u2022 prawo w\u0142asno\u015bci gruntu:<br><br>\u27a2 zabudowana dzia\u0142ka nr 231\/6, AM-1, obr. 0007 Olszyna Dolna, o powierzchni<br>73 994 m2<br><br>\u2022 prawo w\u0142asno\u015bci budynk\u00f3w stanowi\u0105cych cz\u0119\u015bci sk\u0142adowe gruntu:<br><br>\u27a2 budynek niemieszkalny \u2013 pa\u0142ac w zabudowie wolnostoj\u0105cej o powierzchni u\u017cytkowej<br>1 710, 14 m2<br><br>\u27a2 inwentarskie budynki folwarczne:<br><br>\u2756 budynek socjalny w zabudowie zwartej z budynkiem stajni o powierzchni<br>u\u017cytkowej 199,91 m2,<br>\u2756 budynek stajni w zabudowie zwartej z budynkiem socjalnym o powierzchni<br>u\u017cytkowej 578,43 m2 z poddaszem nieu\u017cytkowym,<br>\u2756 budynek stodo\u0142y w zabudowie wolnostoj\u0105cej o powierzchni u\u017cytkowej<br>698,05 m2,<br><br>\u2022 prawo w\u0142asno\u015bci budowli stanowi\u0105cych cz\u0119\u015bci sk\u0142adowe gruntu:<br>\u27a2 budowle stanowi\u0105ce uzbrojenie terenu (E,W,K)<br>\u27a2 budowle stanowi\u0105ce zagospodarowanie terenu (drogi wewn\u0119trzne o nawierzchni<br>t\u0142uczniowej, park zabytkowy).<br><br>Budynek pa\u0142acu wzniesiony zosta\u0142 ok. 1830 &#8211; 1845 na reliktach budowli wcze\u015bniejszej z XVII w.<br>(zachowane sklepienia piwnic) i jest wpisany do rejestru zabytk\u00f3w pod numerem 1235\/J, kt\u00f3ry to wpis<br>uzupe\u0142niono w ten spos\u00f3b, \u017ce do rejestru zabytk\u00f3w wpisano park pod nr 1013\/J.<br>Nieruchomo\u015b\u0107 po\u0142o\u017cona jest w p\u00f3\u0142nocno-zachodniej cz\u0119\u015bci Olszyny Dolnej w bliskiej odleg\u0142o\u015bci<br>od granicy z Niemcami i Czechami. Dojazd do nieruchomo\u015bci bezpo\u015brednio z drogi krajowej nr 30.<br>Pa\u0142ac oddalony jest od drogi krajowej ok. 110m, dobrze widoczny w bliskiej odleg\u0142o\u015bci miasta Olszyna<br>i Luba\u0144, teren posiada dost\u0119p do wszystkich medi\u00f3w.<br><br>W miejscowym planie zagospodarowania przestrzennego gminy Olszyna nieruchomo\u015b\u0107 po\u0142o\u017cona<br>jest na terenie oznaczonym symbolem 1ZZ \u2013 teren za\u0142o\u017cenia parkowo-pa\u0142acowego.<br><br>Kontakt pod numerem telefonu: 665 454 333<\/p>\t\t\t\t\t\t<\/div>\n\t\t\t\t<\/div>\n\t\t\t\t\t<\/div>\n\t\t\t\t<\/div>\n\t\t\t\t<\/div>\n\t\t","protected":false},"excerpt":{"rendered":"<p>DORADCA RESTRUKTURYZACYJNY OFERUJE DO SPRZEDA\u017bY Lokalizacja: wojew\u00f3dztwo dolno\u015bl\u0105skie, powiat luba\u0144ski, obr. 0007 Olszyna DolnaNieruchomo\u015b\u0107 gruntowa zabudowana zespo\u0142em pa\u0142acowo \u2013 parkowym, [&hellip;]<\/p>\n","protected":false},"author":1,"featured_media":0,"parent":0,"menu_order":0,"comment_status":"closed","ping_status":"closed","template":"","meta":{"site-sidebar-layout":"no-sidebar","site-content-layout":"","ast-site-content-layout":"full-width-container","site-content-style":"default","site-sidebar-style":"default","ast-global-header-display":"","ast-banner-title-visibility":"","ast-main-header-display":"","ast-hfb-above-header-display":"","ast-hfb-below-header-display":"","ast-hfb-mobile-header-display":"","site-post-title":"disabled","ast-breadcrumbs-content":"","ast-featured-img":"disabled","footer-sml-layout":"","theme-transparent-header-meta":"","adv-header-id-meta":"","stick-header-meta":"","header-above-stick-meta":"","header-main-stick-meta":"","header-below-stick-meta":"","astra-migrate-meta-layouts":"default","ast-page-background-enabled":"default","ast-page-background-meta":{"desktop":{"background-color":"var(--ast-global-color-4)","background-image":"","background-repeat":"repeat","background-position":"center center","background-size":"auto","background-attachment":"scroll","background-type":"","background-media":"","overlay-type":"","overlay-color":"","overlay-opacity":"","overlay-gradient":""},"tablet":{"background-color":"","background-image":"","background-repeat":"repeat","background-position":"center center","background-size":"auto","background-attachment":"scroll","background-type":"","background-media":"","overlay-type":"","overlay-color":"","overlay-opacity":"","overlay-gradient":""},"mobile":{"background-color":"","background-image":"","background-repeat":"repeat","background-position":"center center","background-size":"auto","background-attachment":"scroll","background-type":"","background-media":"","overlay-type":"","overlay-color":"","overlay-opacity":"","overlay-gradient":""}},"ast-content-background-meta":{"desktop":{"background-color":"var(--ast-global-color-5)","background-image":"","background-repeat":"repeat","background-position":"center center","background-size":"auto","background-attachment":"scroll","background-type":"","background-media":"","overlay-type":"","overlay-color":"","overlay-opacity":"","overlay-gradient":""},"tablet":{"background-color":"var(--ast-global-color-5)","background-image":"","background-repeat":"repeat","background-position":"center center","background-size":"auto","background-attachment":"scroll","background-type":"","background-media":"","overlay-type":"","overlay-color":"","overlay-opacity":"","overlay-gradient":""},"mobile":{"background-color":"var(--ast-global-color-5)","background-image":"","background-repeat":"repeat","background-position":"center center","background-size":"auto","background-attachment":"scroll","background-type":"","background-media":"","overlay-type":"","overlay-color":"","overlay-opacity":"","overlay-gradient":""}},"footnotes":""},"class_list":["post-624","page","type-page","status-publish","hentry"],"yoast_head":"<!-- This site is optimized with the Yoast SEO plugin v23.3 - https:\/\/yoast.com\/wordpress\/plugins\/seo\/ -->\n<title>wojew\u00f3dztwo dolno\u015bl\u0105skie, powiat luba\u0144ski, obr. 0007 Olszyna Dolna - Jedli\u0144ski-Restrukturyzacja<\/title>\n<meta name=\"description\" content=\"Nieruchomo\u015b\u0107 gruntowa zabudowana zespo\u0142em pa\u0142acowo \u2013 parkowym, po\u0142o\u017cona w granicach dzia\u0142kioznaczonej w ewidencji grunt\u00f3w nr 231\/6 w Olszynie Dolnej o powierzchni 73 994 m2.\" \/>\n<meta name=\"robots\" content=\"index, follow, max-snippet:-1, max-image-preview:large, max-video-preview:-1\" \/>\n<link rel=\"canonical\" href=\"https:\/\/jedlinski-restrukturyzacja.pl\/?page_id=624\" \/>\n<meta property=\"og:locale\" content=\"en_US\" \/>\n<meta property=\"og:type\" content=\"article\" \/>\n<meta property=\"og:title\" content=\"wojew\u00f3dztwo dolno\u015bl\u0105skie, powiat luba\u0144ski, obr. 0007 Olszyna Dolna - Jedli\u0144ski-Restrukturyzacja\" \/>\n<meta property=\"og:description\" content=\"Nieruchomo\u015b\u0107 gruntowa zabudowana zespo\u0142em pa\u0142acowo \u2013 parkowym, po\u0142o\u017cona w granicach dzia\u0142kioznaczonej w ewidencji grunt\u00f3w nr 231\/6 w Olszynie Dolnej o powierzchni 73 994 m2.\" \/>\n<meta property=\"og:url\" content=\"https:\/\/jedlinski-restrukturyzacja.pl\/?page_id=624\" \/>\n<meta property=\"og:site_name\" content=\"Jedli\u0144ski-Restrukturyzacja\" \/>\n<meta property=\"article:modified_time\" content=\"2024-08-15T15:00:41+00:00\" \/>\n<meta name=\"twitter:card\" content=\"summary_large_image\" \/>\n<meta name=\"twitter:label1\" content=\"Est. reading time\" \/>\n\t<meta name=\"twitter:data1\" content=\"2 minutes\" \/>\n<script type=\"application\/ld+json\" class=\"yoast-schema-graph\">{\"@context\":\"https:\/\/schema.org\",\"@graph\":[{\"@type\":\"WebPage\",\"@id\":\"https:\/\/jedlinski-restrukturyzacja.pl\/?page_id=624\",\"url\":\"https:\/\/jedlinski-restrukturyzacja.pl\/?page_id=624\",\"name\":\"wojew\u00f3dztwo dolno\u015bl\u0105skie, powiat luba\u0144ski, obr. 0007 Olszyna Dolna - Jedli\u0144ski-Restrukturyzacja\",\"isPartOf\":{\"@id\":\"https:\/\/jedlinski-restrukturyzacja.pl\/#website\"},\"datePublished\":\"2024-08-15T14:58:00+00:00\",\"dateModified\":\"2024-08-15T15:00:41+00:00\",\"description\":\"Nieruchomo\u015b\u0107 gruntowa zabudowana zespo\u0142em pa\u0142acowo \u2013 parkowym, po\u0142o\u017cona w granicach dzia\u0142kioznaczonej w ewidencji grunt\u00f3w nr 231\/6 w Olszynie Dolnej o powierzchni 73 994 m2.\",\"breadcrumb\":{\"@id\":\"https:\/\/jedlinski-restrukturyzacja.pl\/?page_id=624#breadcrumb\"},\"inLanguage\":\"en-US\",\"potentialAction\":[{\"@type\":\"ReadAction\",\"target\":[\"https:\/\/jedlinski-restrukturyzacja.pl\/?page_id=624\"]}]},{\"@type\":\"BreadcrumbList\",\"@id\":\"https:\/\/jedlinski-restrukturyzacja.pl\/?page_id=624#breadcrumb\",\"itemListElement\":[{\"@type\":\"ListItem\",\"position\":1,\"name\":\"Strona g\u0142\u00f3wna\",\"item\":\"https:\/\/jedlinski-restrukturyzacja.pl\/\"},{\"@type\":\"ListItem\",\"position\":2,\"name\":\"wojew\u00f3dztwo dolno\u015bl\u0105skie, powiat luba\u0144ski, obr. 0007 Olszyna Dolna\"}]},{\"@type\":\"WebSite\",\"@id\":\"https:\/\/jedlinski-restrukturyzacja.pl\/#website\",\"url\":\"https:\/\/jedlinski-restrukturyzacja.pl\/\",\"name\":\"Jedli\u0144ski-Restrukturyzacja\",\"description\":\"\",\"potentialAction\":[{\"@type\":\"SearchAction\",\"target\":{\"@type\":\"EntryPoint\",\"urlTemplate\":\"https:\/\/jedlinski-restrukturyzacja.pl\/?s={search_term_string}\"},\"query-input\":\"required name=search_term_string\"}],\"inLanguage\":\"en-US\"}]}<\/script>\n<!-- \/ Yoast SEO plugin. -->","yoast_head_json":{"title":"wojew\u00f3dztwo dolno\u015bl\u0105skie, powiat luba\u0144ski, obr. 0007 Olszyna Dolna - Jedli\u0144ski-Restrukturyzacja","description":"Nieruchomo\u015b\u0107 gruntowa zabudowana zespo\u0142em pa\u0142acowo \u2013 parkowym, po\u0142o\u017cona w granicach dzia\u0142kioznaczonej w ewidencji grunt\u00f3w nr 231\/6 w Olszynie Dolnej o powierzchni 73 994 m2.","robots":{"index":"index","follow":"follow","max-snippet":"max-snippet:-1","max-image-preview":"max-image-preview:large","max-video-preview":"max-video-preview:-1"},"canonical":"https:\/\/jedlinski-restrukturyzacja.pl\/?page_id=624","og_locale":"en_US","og_type":"article","og_title":"wojew\u00f3dztwo dolno\u015bl\u0105skie, powiat luba\u0144ski, obr. 0007 Olszyna Dolna - Jedli\u0144ski-Restrukturyzacja","og_description":"Nieruchomo\u015b\u0107 gruntowa zabudowana zespo\u0142em pa\u0142acowo \u2013 parkowym, po\u0142o\u017cona w granicach dzia\u0142kioznaczonej w ewidencji grunt\u00f3w nr 231\/6 w Olszynie Dolnej o powierzchni 73 994 m2.","og_url":"https:\/\/jedlinski-restrukturyzacja.pl\/?page_id=624","og_site_name":"Jedli\u0144ski-Restrukturyzacja","article_modified_time":"2024-08-15T15:00:41+00:00","twitter_card":"summary_large_image","twitter_misc":{"Est. reading time":"2 minutes"},"schema":{"@context":"https:\/\/schema.org","@graph":[{"@type":"WebPage","@id":"https:\/\/jedlinski-restrukturyzacja.pl\/?page_id=624","url":"https:\/\/jedlinski-restrukturyzacja.pl\/?page_id=624","name":"wojew\u00f3dztwo dolno\u015bl\u0105skie, powiat luba\u0144ski, obr. 0007 Olszyna Dolna - Jedli\u0144ski-Restrukturyzacja","isPartOf":{"@id":"https:\/\/jedlinski-restrukturyzacja.pl\/#website"},"datePublished":"2024-08-15T14:58:00+00:00","dateModified":"2024-08-15T15:00:41+00:00","description":"Nieruchomo\u015b\u0107 gruntowa zabudowana zespo\u0142em pa\u0142acowo \u2013 parkowym, po\u0142o\u017cona w granicach dzia\u0142kioznaczonej w ewidencji grunt\u00f3w nr 231\/6 w Olszynie Dolnej o powierzchni 73 994 m2.","breadcrumb":{"@id":"https:\/\/jedlinski-restrukturyzacja.pl\/?page_id=624#breadcrumb"},"inLanguage":"en-US","potentialAction":[{"@type":"ReadAction","target":["https:\/\/jedlinski-restrukturyzacja.pl\/?page_id=624"]}]},{"@type":"BreadcrumbList","@id":"https:\/\/jedlinski-restrukturyzacja.pl\/?page_id=624#breadcrumb","itemListElement":[{"@type":"ListItem","position":1,"name":"Strona g\u0142\u00f3wna","item":"https:\/\/jedlinski-restrukturyzacja.pl\/"},{"@type":"ListItem","position":2,"name":"wojew\u00f3dztwo dolno\u015bl\u0105skie, powiat luba\u0144ski, obr. 0007 Olszyna Dolna"}]},{"@type":"WebSite","@id":"https:\/\/jedlinski-restrukturyzacja.pl\/#website","url":"https:\/\/jedlinski-restrukturyzacja.pl\/","name":"Jedli\u0144ski-Restrukturyzacja","description":"","potentialAction":[{"@type":"SearchAction","target":{"@type":"EntryPoint","urlTemplate":"https:\/\/jedlinski-restrukturyzacja.pl\/?s={search_term_string}"},"query-input":"required name=search_term_string"}],"inLanguage":"en-US"}]}},"_links":{"self":[{"href":"https:\/\/jedlinski-restrukturyzacja.pl\/index.php?rest_route=\/wp\/v2\/pages\/624","targetHints":{"allow":["GET"]}}],"collection":[{"href":"https:\/\/jedlinski-restrukturyzacja.pl\/index.php?rest_route=\/wp\/v2\/pages"}],"about":[{"href":"https:\/\/jedlinski-restrukturyzacja.pl\/index.php?rest_route=\/wp\/v2\/types\/page"}],"author":[{"embeddable":true,"href":"https:\/\/jedlinski-restrukturyzacja.pl\/index.php?rest_route=\/wp\/v2\/users\/1"}],"replies":[{"embeddable":true,"href":"https:\/\/jedlinski-restrukturyzacja.pl\/index.php?rest_route=%2Fwp%2Fv2%2Fcomments&post=624"}],"version-history":[{"count":4,"href":"https:\/\/jedlinski-restrukturyzacja.pl\/index.php?rest_route=\/wp\/v2\/pages\/624\/revisions"}],"predecessor-version":[{"id":628,"href":"https:\/\/jedlinski-restrukturyzacja.pl\/index.php?rest_route=\/wp\/v2\/pages\/624\/revisions\/628"}],"wp:attachment":[{"href":"https:\/\/jedlinski-restrukturyzacja.pl\/index.php?rest_route=%2Fwp%2Fv2%2Fmedia&parent=624"}],"curies":[{"name":"wp","href":"https:\/\/api.w.org\/{rel}","templated":true}]}}