{"id":640,"date":"2024-08-15T17:07:00","date_gmt":"2024-08-15T15:07:00","guid":{"rendered":"https:\/\/jedlinski-restrukturyzacja.pl\/?page_id=640"},"modified":"2024-08-15T17:09:59","modified_gmt":"2024-08-15T15:09:59","slug":"jelenia-gora-ul-sobieskiego-20a-i-ul-poznanska-15-i-16","status":"publish","type":"page","link":"https:\/\/jedlinski-restrukturyzacja.pl\/?page_id=640","title":{"rendered":"Jelenia G\u00f3ra, ul. Sobieskiego 20a i ul. Pozna\u0144ska 15 i 16"},"content":{"rendered":"\t\t<div data-elementor-type=\"wp-page\" data-elementor-id=\"640\" class=\"elementor elementor-640\" data-elementor-post-type=\"page\">\n\t\t\t\t<div class=\"elementor-element elementor-element-adc30ac e-flex e-con-boxed e-con e-parent\" data-id=\"adc30ac\" data-element_type=\"container\">\n\t\t\t\t\t<div class=\"e-con-inner\">\n\t\t\t\t<div class=\"elementor-element elementor-element-2caf73c elementor-widget elementor-widget-heading\" data-id=\"2caf73c\" data-element_type=\"widget\" data-widget_type=\"heading.default\">\n\t\t\t\t<div class=\"elementor-widget-container\">\n\t\t\t<h2 class=\"elementor-heading-title elementor-size-default\">DORADCA RESTRUKTURYZACYJNY OFERUJE DO SPRZEDA\u017bY<\/h2>\t\t<\/div>\n\t\t\t\t<\/div>\n\t\t\t\t\t<\/div>\n\t\t\t\t<\/div>\n\t\t<div class=\"elementor-element elementor-element-6146d24 e-flex e-con-boxed e-con e-parent\" data-id=\"6146d24\" data-element_type=\"container\">\n\t\t\t\t\t<div class=\"e-con-inner\">\n\t\t\t\t<div class=\"elementor-element elementor-element-4f1df00 elementor-widget elementor-widget-text-editor\" data-id=\"4f1df00\" data-element_type=\"widget\" data-widget_type=\"text-editor.default\">\n\t\t\t\t<div class=\"elementor-widget-container\">\n\t\t\t\t\t\t\t<p>Adres inwestycji : 58-500 Jelenia G\u00f3ra, ul. Sobieskiego 20a i ul. Pozna\u0144ska 15 i 16,<br \/>zlokalizowana w Centrum w odleg\u0142o\u015bci 200 metr\u00f3w od Rynku<\/p><p>Kompleks budynk\u00f3w z historycznymi piwnicami win, z odebranym lokalem gastronomicznym<br \/>i w trakcie przebudowy na hostel\/hotel, z w\u0142asnym uj\u0119ciem g\u00f3rskiej wody \u017ar\u00f3dlanej w dzia\u0142ce<br \/>oraz lokali mieszkalnych &#8211; projekt budowlany.<br \/><br \/>Inwestycja realizowana od 2015 roku. Realizacja poszczeg\u00f3lnych przedsi\u0119wzi\u0119\u0107, mo\u017ce by\u0107<br \/>niezale\u017cna w przewidzianych do tego powierzchniach.<br \/><br \/>1. Lokal gastronomiczny (klub ze scen\u0105 muzyczn\u0105) w pe\u0142ni wyposa\u017cony z piecem<br \/>do pizzy opalanym drewnem, o powierzchni u\u017cytkowej 453,70 m2 , z pozwoleniem na u\u017cytkowanie z wymaganymi odbiorami.<br \/>2. Lokal mieszkalny o powierzchni u\u017cytkowej 108,10 m2<br \/>(z antresolami 135m2) z pozwoleniem na u\u017cytkowanie.<br \/>3. Nieruchomo\u015b\u0107 z zatwierdzonym projektem budowlanym i aktualnym pozwoleniem<br \/>na budow\u0119 hostelu\/hotelu na 18 pokoi (z mo\u017cliwo\u015bci\u0105 powi\u0119kszenia o kilka nast\u0119pnych)<br \/>z \u0142azienkami z zabezpieczonymi miejscami parkingowymi.<br \/>4. W pozosta\u0142ej powierzchni piwnicznej (z istniej\u0105cym wjazdem samochodowym) mo\u017cliwo\u015b\u0107<br \/>zrobienia parkingu podziemnego lub browaru manufakturowego<br \/>na powierzchni oko\u0142o 500 m2.<br \/>5. Uj\u0119cie g\u00f3rskiej wody \u017ar\u00f3dlanej, o przemys\u0142owej wydajno\u015bci, z badaniami przydatno\u015bci<br \/>do spo\u017cycia i sk\u0142adzie minera\u0142\u00f3w.<br \/><br \/>Ca\u0142o\u015b\u0107 zlokalizowana jest na 3 dzia\u0142kach o \u0142\u0105cznej powierzchni 0,1806 ha,<br \/>Nr KW JG1J\/00013056\/9, w u\u017cytkowaniu wieczystym do 06.12.2089 roku,o powierzchni zabudowy 1.350,90 m2 &#8211; po przebudowie nie ulegnie zmianie.<br \/><br \/>Aktualna ca\u0142kowita powierzchnia kondygnacji wynosi 2.571,40 m2 a po przebudowie<br \/>wg projektu wynosi\u0107 b\u0119dzie 2.750,50 m2.<br \/><br \/>Wycena rzeczoznawcy z kwietnia 2018 r. wynosi 4.183.000,00 z\u0142 netto,<br \/>powy\u017csza kwota nie uwzgl\u0119dnia:<br \/><br \/>\u2022 warto\u015bci uj\u0119cia wody, oszacowanie jego warto\u015bci zale\u017cne od sposobu jego<br \/>wykorzystania,<br \/>\u2022 wyposa\u017cenia lokalu, oko\u0142o 400.000,00z\u0142,<br \/>\u2022 dodatkowych nak\u0142ad\u00f3w finansowych poniesionych w wyniku rozbudowy klubu<br \/>i powi\u0119kszenia go o kolejn\u0105 sal\u0119.<br \/><br \/>Kontakt pod numerem telefonu: 665 454 333<\/p>\t\t\t\t\t\t<\/div>\n\t\t\t\t<\/div>\n\t\t\t\t\t<\/div>\n\t\t\t\t<\/div>\n\t\t\t\t<\/div>\n\t\t","protected":false},"excerpt":{"rendered":"<p>DORADCA RESTRUKTURYZACYJNY OFERUJE DO SPRZEDA\u017bY Adres inwestycji : 58-500 Jelenia G\u00f3ra, ul. Sobieskiego 20a i ul. Pozna\u0144ska 15 i 16,zlokalizowana [&hellip;]<\/p>\n","protected":false},"author":1,"featured_media":0,"parent":0,"menu_order":0,"comment_status":"closed","ping_status":"closed","template":"","meta":{"site-sidebar-layout":"no-sidebar","site-content-layout":"","ast-site-content-layout":"full-width-container","site-content-style":"default","site-sidebar-style":"default","ast-global-header-display":"","ast-banner-title-visibility":"","ast-main-header-display":"","ast-hfb-above-header-display":"","ast-hfb-below-header-display":"","ast-hfb-mobile-header-display":"","site-post-title":"disabled","ast-breadcrumbs-content":"","ast-featured-img":"disabled","footer-sml-layout":"","theme-transparent-header-meta":"","adv-header-id-meta":"","stick-header-meta":"","header-above-stick-meta":"","header-main-stick-meta":"","header-below-stick-meta":"","astra-migrate-meta-layouts":"default","ast-page-background-enabled":"default","ast-page-background-meta":{"desktop":{"background-color":"var(--ast-global-color-4)","background-image":"","background-repeat":"repeat","background-position":"center center","background-size":"auto","background-attachment":"scroll","background-type":"","background-media":"","overlay-type":"","overlay-color":"","overlay-opacity":"","overlay-gradient":""},"tablet":{"background-color":"","background-image":"","background-repeat":"repeat","background-position":"center center","background-size":"auto","background-attachment":"scroll","background-type":"","background-media":"","overlay-type":"","overlay-color":"","overlay-opacity":"","overlay-gradient":""},"mobile":{"background-color":"","background-image":"","background-repeat":"repeat","background-position":"center center","background-size":"auto","background-attachment":"scroll","background-type":"","background-media":"","overlay-type":"","overlay-color":"","overlay-opacity":"","overlay-gradient":""}},"ast-content-background-meta":{"desktop":{"background-color":"var(--ast-global-color-5)","background-image":"","background-repeat":"repeat","background-position":"center center","background-size":"auto","background-attachment":"scroll","background-type":"","background-media":"","overlay-type":"","overlay-color":"","overlay-opacity":"","overlay-gradient":""},"tablet":{"background-color":"var(--ast-global-color-5)","background-image":"","background-repeat":"repeat","background-position":"center center","background-size":"auto","background-attachment":"scroll","background-type":"","background-media":"","overlay-type":"","overlay-color":"","overlay-opacity":"","overlay-gradient":""},"mobile":{"background-color":"var(--ast-global-color-5)","background-image":"","background-repeat":"repeat","background-position":"center center","background-size":"auto","background-attachment":"scroll","background-type":"","background-media":"","overlay-type":"","overlay-color":"","overlay-opacity":"","overlay-gradient":""}},"footnotes":""},"class_list":["post-640","page","type-page","status-publish","hentry"],"yoast_head":"<!-- This site is optimized with the Yoast SEO plugin v23.3 - https:\/\/yoast.com\/wordpress\/plugins\/seo\/ -->\n<title>Jelenia G\u00f3ra, ul. Sobieskiego 20a i ul. Pozna\u0144ska 15 i 16 - Jedli\u0144ski-Restrukturyzacja<\/title>\n<meta name=\"description\" content=\"Kompleks budynk\u00f3w z historycznymi piwnicami win, z odebranym lokalem gastronomicznymi w trakcie przebudowy na hostel\/hotel, z w\u0142asnym uj\u0119ciem g\u00f3rskiej wody \u017ar\u00f3dlanej w dzia\u0142ceoraz lokali mieszkalnych - projekt budowlany.\" \/>\n<meta name=\"robots\" content=\"index, follow, max-snippet:-1, max-image-preview:large, max-video-preview:-1\" \/>\n<link rel=\"canonical\" href=\"https:\/\/jedlinski-restrukturyzacja.pl\/?page_id=640\" \/>\n<meta property=\"og:locale\" content=\"en_US\" \/>\n<meta property=\"og:type\" content=\"article\" \/>\n<meta property=\"og:title\" content=\"Jelenia G\u00f3ra, ul. Sobieskiego 20a i ul. Pozna\u0144ska 15 i 16 - Jedli\u0144ski-Restrukturyzacja\" \/>\n<meta property=\"og:description\" content=\"Kompleks budynk\u00f3w z historycznymi piwnicami win, z odebranym lokalem gastronomicznymi w trakcie przebudowy na hostel\/hotel, z w\u0142asnym uj\u0119ciem g\u00f3rskiej wody \u017ar\u00f3dlanej w dzia\u0142ceoraz lokali mieszkalnych - projekt budowlany.\" \/>\n<meta property=\"og:url\" content=\"https:\/\/jedlinski-restrukturyzacja.pl\/?page_id=640\" \/>\n<meta property=\"og:site_name\" content=\"Jedli\u0144ski-Restrukturyzacja\" \/>\n<meta property=\"article:modified_time\" content=\"2024-08-15T15:09:59+00:00\" \/>\n<meta name=\"twitter:card\" content=\"summary_large_image\" \/>\n<meta name=\"twitter:label1\" content=\"Est. reading time\" \/>\n\t<meta name=\"twitter:data1\" content=\"2 minutes\" \/>\n<script type=\"application\/ld+json\" class=\"yoast-schema-graph\">{\"@context\":\"https:\/\/schema.org\",\"@graph\":[{\"@type\":\"WebPage\",\"@id\":\"https:\/\/jedlinski-restrukturyzacja.pl\/?page_id=640\",\"url\":\"https:\/\/jedlinski-restrukturyzacja.pl\/?page_id=640\",\"name\":\"Jelenia G\u00f3ra, ul. Sobieskiego 20a i ul. Pozna\u0144ska 15 i 16 - Jedli\u0144ski-Restrukturyzacja\",\"isPartOf\":{\"@id\":\"https:\/\/jedlinski-restrukturyzacja.pl\/#website\"},\"datePublished\":\"2024-08-15T15:07:00+00:00\",\"dateModified\":\"2024-08-15T15:09:59+00:00\",\"description\":\"Kompleks budynk\u00f3w z historycznymi piwnicami win, z odebranym lokalem gastronomicznymi w trakcie przebudowy na hostel\/hotel, z w\u0142asnym uj\u0119ciem g\u00f3rskiej wody \u017ar\u00f3dlanej w dzia\u0142ceoraz lokali mieszkalnych - projekt budowlany.\",\"breadcrumb\":{\"@id\":\"https:\/\/jedlinski-restrukturyzacja.pl\/?page_id=640#breadcrumb\"},\"inLanguage\":\"en-US\",\"potentialAction\":[{\"@type\":\"ReadAction\",\"target\":[\"https:\/\/jedlinski-restrukturyzacja.pl\/?page_id=640\"]}]},{\"@type\":\"BreadcrumbList\",\"@id\":\"https:\/\/jedlinski-restrukturyzacja.pl\/?page_id=640#breadcrumb\",\"itemListElement\":[{\"@type\":\"ListItem\",\"position\":1,\"name\":\"Strona g\u0142\u00f3wna\",\"item\":\"https:\/\/jedlinski-restrukturyzacja.pl\/\"},{\"@type\":\"ListItem\",\"position\":2,\"name\":\"Jelenia G\u00f3ra, ul. Sobieskiego 20a i ul. Pozna\u0144ska 15 i 16\"}]},{\"@type\":\"WebSite\",\"@id\":\"https:\/\/jedlinski-restrukturyzacja.pl\/#website\",\"url\":\"https:\/\/jedlinski-restrukturyzacja.pl\/\",\"name\":\"Jedli\u0144ski-Restrukturyzacja\",\"description\":\"\",\"potentialAction\":[{\"@type\":\"SearchAction\",\"target\":{\"@type\":\"EntryPoint\",\"urlTemplate\":\"https:\/\/jedlinski-restrukturyzacja.pl\/?s={search_term_string}\"},\"query-input\":\"required name=search_term_string\"}],\"inLanguage\":\"en-US\"}]}<\/script>\n<!-- \/ Yoast SEO plugin. -->","yoast_head_json":{"title":"Jelenia G\u00f3ra, ul. Sobieskiego 20a i ul. Pozna\u0144ska 15 i 16 - Jedli\u0144ski-Restrukturyzacja","description":"Kompleks budynk\u00f3w z historycznymi piwnicami win, z odebranym lokalem gastronomicznymi w trakcie przebudowy na hostel\/hotel, z w\u0142asnym uj\u0119ciem g\u00f3rskiej wody \u017ar\u00f3dlanej w dzia\u0142ceoraz lokali mieszkalnych - projekt budowlany.","robots":{"index":"index","follow":"follow","max-snippet":"max-snippet:-1","max-image-preview":"max-image-preview:large","max-video-preview":"max-video-preview:-1"},"canonical":"https:\/\/jedlinski-restrukturyzacja.pl\/?page_id=640","og_locale":"en_US","og_type":"article","og_title":"Jelenia G\u00f3ra, ul. Sobieskiego 20a i ul. Pozna\u0144ska 15 i 16 - Jedli\u0144ski-Restrukturyzacja","og_description":"Kompleks budynk\u00f3w z historycznymi piwnicami win, z odebranym lokalem gastronomicznymi w trakcie przebudowy na hostel\/hotel, z w\u0142asnym uj\u0119ciem g\u00f3rskiej wody \u017ar\u00f3dlanej w dzia\u0142ceoraz lokali mieszkalnych - projekt budowlany.","og_url":"https:\/\/jedlinski-restrukturyzacja.pl\/?page_id=640","og_site_name":"Jedli\u0144ski-Restrukturyzacja","article_modified_time":"2024-08-15T15:09:59+00:00","twitter_card":"summary_large_image","twitter_misc":{"Est. reading time":"2 minutes"},"schema":{"@context":"https:\/\/schema.org","@graph":[{"@type":"WebPage","@id":"https:\/\/jedlinski-restrukturyzacja.pl\/?page_id=640","url":"https:\/\/jedlinski-restrukturyzacja.pl\/?page_id=640","name":"Jelenia G\u00f3ra, ul. Sobieskiego 20a i ul. Pozna\u0144ska 15 i 16 - Jedli\u0144ski-Restrukturyzacja","isPartOf":{"@id":"https:\/\/jedlinski-restrukturyzacja.pl\/#website"},"datePublished":"2024-08-15T15:07:00+00:00","dateModified":"2024-08-15T15:09:59+00:00","description":"Kompleks budynk\u00f3w z historycznymi piwnicami win, z odebranym lokalem gastronomicznymi w trakcie przebudowy na hostel\/hotel, z w\u0142asnym uj\u0119ciem g\u00f3rskiej wody \u017ar\u00f3dlanej w dzia\u0142ceoraz lokali mieszkalnych - projekt budowlany.","breadcrumb":{"@id":"https:\/\/jedlinski-restrukturyzacja.pl\/?page_id=640#breadcrumb"},"inLanguage":"en-US","potentialAction":[{"@type":"ReadAction","target":["https:\/\/jedlinski-restrukturyzacja.pl\/?page_id=640"]}]},{"@type":"BreadcrumbList","@id":"https:\/\/jedlinski-restrukturyzacja.pl\/?page_id=640#breadcrumb","itemListElement":[{"@type":"ListItem","position":1,"name":"Strona g\u0142\u00f3wna","item":"https:\/\/jedlinski-restrukturyzacja.pl\/"},{"@type":"ListItem","position":2,"name":"Jelenia G\u00f3ra, ul. Sobieskiego 20a i ul. Pozna\u0144ska 15 i 16"}]},{"@type":"WebSite","@id":"https:\/\/jedlinski-restrukturyzacja.pl\/#website","url":"https:\/\/jedlinski-restrukturyzacja.pl\/","name":"Jedli\u0144ski-Restrukturyzacja","description":"","potentialAction":[{"@type":"SearchAction","target":{"@type":"EntryPoint","urlTemplate":"https:\/\/jedlinski-restrukturyzacja.pl\/?s={search_term_string}"},"query-input":"required name=search_term_string"}],"inLanguage":"en-US"}]}},"_links":{"self":[{"href":"https:\/\/jedlinski-restrukturyzacja.pl\/index.php?rest_route=\/wp\/v2\/pages\/640","targetHints":{"allow":["GET"]}}],"collection":[{"href":"https:\/\/jedlinski-restrukturyzacja.pl\/index.php?rest_route=\/wp\/v2\/pages"}],"about":[{"href":"https:\/\/jedlinski-restrukturyzacja.pl\/index.php?rest_route=\/wp\/v2\/types\/page"}],"author":[{"embeddable":true,"href":"https:\/\/jedlinski-restrukturyzacja.pl\/index.php?rest_route=\/wp\/v2\/users\/1"}],"replies":[{"embeddable":true,"href":"https:\/\/jedlinski-restrukturyzacja.pl\/index.php?rest_route=%2Fwp%2Fv2%2Fcomments&post=640"}],"version-history":[{"count":4,"href":"https:\/\/jedlinski-restrukturyzacja.pl\/index.php?rest_route=\/wp\/v2\/pages\/640\/revisions"}],"predecessor-version":[{"id":645,"href":"https:\/\/jedlinski-restrukturyzacja.pl\/index.php?rest_route=\/wp\/v2\/pages\/640\/revisions\/645"}],"wp:attachment":[{"href":"https:\/\/jedlinski-restrukturyzacja.pl\/index.php?rest_route=%2Fwp%2Fv2%2Fmedia&parent=640"}],"curies":[{"name":"wp","href":"https:\/\/api.w.org\/{rel}","templated":true}]}}