{"id":646,"date":"2024-08-15T17:11:42","date_gmt":"2024-08-15T15:11:42","guid":{"rendered":"https:\/\/jedlinski-restrukturyzacja.pl\/?page_id=646"},"modified":"2024-08-15T17:14:36","modified_gmt":"2024-08-15T15:14:36","slug":"sremska-66-68-63-100-srem","status":"publish","type":"page","link":"https:\/\/jedlinski-restrukturyzacja.pl\/?page_id=646","title":{"rendered":"\u015aremska 66\/68 63-100 \u015arem"},"content":{"rendered":"\t\t<div data-elementor-type=\"wp-page\" data-elementor-id=\"646\" class=\"elementor elementor-646\" data-elementor-post-type=\"page\">\n\t\t\t\t<div class=\"elementor-element elementor-element-496e45b e-flex e-con-boxed e-con e-parent\" data-id=\"496e45b\" data-element_type=\"container\">\n\t\t\t\t\t<div class=\"e-con-inner\">\n\t\t\t\t<div class=\"elementor-element elementor-element-a22c8fa elementor-widget elementor-widget-heading\" data-id=\"a22c8fa\" data-element_type=\"widget\" data-widget_type=\"heading.default\">\n\t\t\t\t<div class=\"elementor-widget-container\">\n\t\t\t<h2 class=\"elementor-heading-title elementor-size-default\">DORADCA RESTRUKTURYZACYJNY OFERUJE DO SPRZEDA\u017bY<\/h2>\t\t<\/div>\n\t\t\t\t<\/div>\n\t\t\t\t\t<\/div>\n\t\t\t\t<\/div>\n\t\t<div class=\"elementor-element elementor-element-59280e0 e-flex e-con-boxed e-con e-parent\" data-id=\"59280e0\" data-element_type=\"container\">\n\t\t\t\t\t<div class=\"e-con-inner\">\n\t\t\t\t<div class=\"elementor-element elementor-element-7a4e706 elementor-widget elementor-widget-text-editor\" data-id=\"7a4e706\" data-element_type=\"widget\" data-widget_type=\"text-editor.default\">\n\t\t\t\t<div class=\"elementor-widget-container\">\n\t\t\t\t\t\t\t<p>Zbrudzewo ko\u0142o \u015aremu ul \u015aremska 66\/68 63-100 \u015arem<br><br>Do sprzeda\u017cy dzia\u0142ka : 26\/7, 26\/5 razem = 30000 m2<br><br>Obecnie w trakcie dzielenia, dzia\u0142ki budowlane z odr\u0119bnym dojazdami (ale nie fizycznie )<br>Powierzchnia ca\u0142kowita zabudowy 2000 m2 w tym budynek ,dom jednorodzinny o pow. ca\u0142kowitej<br>316 m2 = 7 pokoi ,kuchnia,3 \u0142azienki dodatkowo taras ,gara\u017ce i inne pomieszczenia.<br><br>Ogrzewanie gazowo \u2013 w\u0119glowe , fotowoltaika<br><br>Budynek pod dzia\u0142alno\u015b\u0107 rozrywkowo-gastronomiczn\u0105 w tym:<br><br>&#8211; sala balowa na 250 os\u00f3b tanecznych z mo\u017cliwo\u015bci\u0105 dzielenia + plus zaplecze gastronomiczne \u2013<br>kuchenne \u2013 magazynowe przy tym ma\u0142a sala bankietowa na 30 os\u00f3b z zapleczem jak wy\u017cej<br><br>Sala bankietowa w starym stylu na 80 os\u00f3b tanecznych z mo\u017cliwo\u015bci\u0105 dzielenia i zapleczem jak wy\u017cej<br><br>Sala letnia po\u0142\u0105czona z namiotami i terenem otwartym na imprezy eventy integracyjne<br><br>Mo\u017cliwo\u015b\u0107 organizacji do 1500 os\u00f3b z zapleczem jak wy\u017cej<br><br>Wszystkie sale z pe\u0142nym wyposa\u017ceniem<br><br>11 pokoi hotelowych 3 osobowych z \u0142azienkami i jeden pok\u00f3j hotelowy 1 osobowy z \u0142azienk\u0105<br><br>Ogrzewanie gazowe<br><br>Zaplecze gospodarcze \u2013 budynek gospodarczy ,mini zoo , parkingi<br><br>Teren otoczony lasem i drodze wojew\u00f3dzkiej i gminnej asfaltowej<br><br>Na terenie nieruchomo\u015bci bardzo du\u017co drzew, park i dr\u00f3g utwardzonych (kostka brukowa, asfalt)<br><br>Cena wywo\u0142awcza 14 500 000 z\u0142<br><br>Mo\u017cliwo\u015b\u0107 dokupienia drugiej nieruchomo\u015bci o pow.1,97 ha z odr\u0119bnym dojazdem z pi\u0119knymi<br>budynkami mieszkalnymi i dzia\u0142kami budowlanymi, w tym dzia\u0142ka o pow. 0,65ha przeznaczona<br>pod budownictwo.<br><br>Nr dzia\u0142ek 27\/4 \/5\/6\/7\/8 \/9\/10<br><br>Cena wywo\u0142awcza 4 500 000 z\u0142<br><br>Kontakt pod numerem telefonu: 665 454 333<\/p>\t\t\t\t\t\t<\/div>\n\t\t\t\t<\/div>\n\t\t\t\t\t<\/div>\n\t\t\t\t<\/div>\n\t\t\t\t<\/div>\n\t\t","protected":false},"excerpt":{"rendered":"<p>DORADCA RESTRUKTURYZACYJNY OFERUJE DO SPRZEDA\u017bY Zbrudzewo ko\u0142o \u015aremu ul \u015aremska 66\/68 63-100 \u015arem Do sprzeda\u017cy dzia\u0142ka : 26\/7, 26\/5 razem [&hellip;]<\/p>\n","protected":false},"author":1,"featured_media":0,"parent":0,"menu_order":0,"comment_status":"closed","ping_status":"closed","template":"","meta":{"site-sidebar-layout":"no-sidebar","site-content-layout":"","ast-site-content-layout":"full-width-container","site-content-style":"default","site-sidebar-style":"default","ast-global-header-display":"","ast-banner-title-visibility":"","ast-main-header-display":"","ast-hfb-above-header-display":"","ast-hfb-below-header-display":"","ast-hfb-mobile-header-display":"","site-post-title":"disabled","ast-breadcrumbs-content":"","ast-featured-img":"disabled","footer-sml-layout":"","theme-transparent-header-meta":"","adv-header-id-meta":"","stick-header-meta":"","header-above-stick-meta":"","header-main-stick-meta":"","header-below-stick-meta":"","astra-migrate-meta-layouts":"default","ast-page-background-enabled":"default","ast-page-background-meta":{"desktop":{"background-color":"var(--ast-global-color-4)","background-image":"","background-repeat":"repeat","background-position":"center center","background-size":"auto","background-attachment":"scroll","background-type":"","background-media":"","overlay-type":"","overlay-color":"","overlay-opacity":"","overlay-gradient":""},"tablet":{"background-color":"","background-image":"","background-repeat":"repeat","background-position":"center center","background-size":"auto","background-attachment":"scroll","background-type":"","background-media":"","overlay-type":"","overlay-color":"","overlay-opacity":"","overlay-gradient":""},"mobile":{"background-color":"","background-image":"","background-repeat":"repeat","background-position":"center center","background-size":"auto","background-attachment":"scroll","background-type":"","background-media":"","overlay-type":"","overlay-color":"","overlay-opacity":"","overlay-gradient":""}},"ast-content-background-meta":{"desktop":{"background-color":"var(--ast-global-color-5)","background-image":"","background-repeat":"repeat","background-position":"center center","background-size":"auto","background-attachment":"scroll","background-type":"","background-media":"","overlay-type":"","overlay-color":"","overlay-opacity":"","overlay-gradient":""},"tablet":{"background-color":"var(--ast-global-color-5)","background-image":"","background-repeat":"repeat","background-position":"center center","background-size":"auto","background-attachment":"scroll","background-type":"","background-media":"","overlay-type":"","overlay-color":"","overlay-opacity":"","overlay-gradient":""},"mobile":{"background-color":"var(--ast-global-color-5)","background-image":"","background-repeat":"repeat","background-position":"center center","background-size":"auto","background-attachment":"scroll","background-type":"","background-media":"","overlay-type":"","overlay-color":"","overlay-opacity":"","overlay-gradient":""}},"footnotes":""},"class_list":["post-646","page","type-page","status-publish","hentry"],"yoast_head":"<!-- This site is optimized with the Yoast SEO plugin v23.3 - https:\/\/yoast.com\/wordpress\/plugins\/seo\/ -->\n<title>\u015aremska 66\/68 63-100 \u015arem - Jedli\u0144ski-Restrukturyzacja<\/title>\n<meta name=\"description\" content=\"Powierzchnia ca\u0142kowita zabudowy 2000 m2 w tym budynek ,dom jednorodzinny o pow. ca\u0142kowitej316 m2 = 7 pokoi ,kuchnia,3 \u0142azienki dodatkowo taras ,gara\u017ce i inne pomieszczenia.\" \/>\n<meta name=\"robots\" content=\"index, follow, max-snippet:-1, max-image-preview:large, max-video-preview:-1\" \/>\n<link rel=\"canonical\" href=\"https:\/\/jedlinski-restrukturyzacja.pl\/?page_id=646\" \/>\n<meta property=\"og:locale\" content=\"en_US\" \/>\n<meta property=\"og:type\" content=\"article\" \/>\n<meta property=\"og:title\" content=\"\u015aremska 66\/68 63-100 \u015arem - Jedli\u0144ski-Restrukturyzacja\" \/>\n<meta property=\"og:description\" content=\"Powierzchnia ca\u0142kowita zabudowy 2000 m2 w tym budynek ,dom jednorodzinny o pow. ca\u0142kowitej316 m2 = 7 pokoi ,kuchnia,3 \u0142azienki dodatkowo taras ,gara\u017ce i inne pomieszczenia.\" \/>\n<meta property=\"og:url\" content=\"https:\/\/jedlinski-restrukturyzacja.pl\/?page_id=646\" \/>\n<meta property=\"og:site_name\" content=\"Jedli\u0144ski-Restrukturyzacja\" \/>\n<meta property=\"article:modified_time\" content=\"2024-08-15T15:14:36+00:00\" \/>\n<meta name=\"twitter:card\" content=\"summary_large_image\" \/>\n<meta name=\"twitter:label1\" content=\"Est. reading time\" \/>\n\t<meta name=\"twitter:data1\" content=\"2 minutes\" \/>\n<script type=\"application\/ld+json\" class=\"yoast-schema-graph\">{\"@context\":\"https:\/\/schema.org\",\"@graph\":[{\"@type\":\"WebPage\",\"@id\":\"https:\/\/jedlinski-restrukturyzacja.pl\/?page_id=646\",\"url\":\"https:\/\/jedlinski-restrukturyzacja.pl\/?page_id=646\",\"name\":\"\u015aremska 66\/68 63-100 \u015arem - Jedli\u0144ski-Restrukturyzacja\",\"isPartOf\":{\"@id\":\"https:\/\/jedlinski-restrukturyzacja.pl\/#website\"},\"datePublished\":\"2024-08-15T15:11:42+00:00\",\"dateModified\":\"2024-08-15T15:14:36+00:00\",\"description\":\"Powierzchnia ca\u0142kowita zabudowy 2000 m2 w tym budynek ,dom jednorodzinny o pow. ca\u0142kowitej316 m2 = 7 pokoi ,kuchnia,3 \u0142azienki dodatkowo taras ,gara\u017ce i inne pomieszczenia.\",\"breadcrumb\":{\"@id\":\"https:\/\/jedlinski-restrukturyzacja.pl\/?page_id=646#breadcrumb\"},\"inLanguage\":\"en-US\",\"potentialAction\":[{\"@type\":\"ReadAction\",\"target\":[\"https:\/\/jedlinski-restrukturyzacja.pl\/?page_id=646\"]}]},{\"@type\":\"BreadcrumbList\",\"@id\":\"https:\/\/jedlinski-restrukturyzacja.pl\/?page_id=646#breadcrumb\",\"itemListElement\":[{\"@type\":\"ListItem\",\"position\":1,\"name\":\"Strona g\u0142\u00f3wna\",\"item\":\"https:\/\/jedlinski-restrukturyzacja.pl\/\"},{\"@type\":\"ListItem\",\"position\":2,\"name\":\"\u015aremska 66\/68 63-100 \u015arem\"}]},{\"@type\":\"WebSite\",\"@id\":\"https:\/\/jedlinski-restrukturyzacja.pl\/#website\",\"url\":\"https:\/\/jedlinski-restrukturyzacja.pl\/\",\"name\":\"Jedli\u0144ski-Restrukturyzacja\",\"description\":\"\",\"potentialAction\":[{\"@type\":\"SearchAction\",\"target\":{\"@type\":\"EntryPoint\",\"urlTemplate\":\"https:\/\/jedlinski-restrukturyzacja.pl\/?s={search_term_string}\"},\"query-input\":\"required name=search_term_string\"}],\"inLanguage\":\"en-US\"}]}<\/script>\n<!-- \/ Yoast SEO plugin. -->","yoast_head_json":{"title":"\u015aremska 66\/68 63-100 \u015arem - Jedli\u0144ski-Restrukturyzacja","description":"Powierzchnia ca\u0142kowita zabudowy 2000 m2 w tym budynek ,dom jednorodzinny o pow. ca\u0142kowitej316 m2 = 7 pokoi ,kuchnia,3 \u0142azienki dodatkowo taras ,gara\u017ce i inne pomieszczenia.","robots":{"index":"index","follow":"follow","max-snippet":"max-snippet:-1","max-image-preview":"max-image-preview:large","max-video-preview":"max-video-preview:-1"},"canonical":"https:\/\/jedlinski-restrukturyzacja.pl\/?page_id=646","og_locale":"en_US","og_type":"article","og_title":"\u015aremska 66\/68 63-100 \u015arem - Jedli\u0144ski-Restrukturyzacja","og_description":"Powierzchnia ca\u0142kowita zabudowy 2000 m2 w tym budynek ,dom jednorodzinny o pow. ca\u0142kowitej316 m2 = 7 pokoi ,kuchnia,3 \u0142azienki dodatkowo taras ,gara\u017ce i inne pomieszczenia.","og_url":"https:\/\/jedlinski-restrukturyzacja.pl\/?page_id=646","og_site_name":"Jedli\u0144ski-Restrukturyzacja","article_modified_time":"2024-08-15T15:14:36+00:00","twitter_card":"summary_large_image","twitter_misc":{"Est. reading time":"2 minutes"},"schema":{"@context":"https:\/\/schema.org","@graph":[{"@type":"WebPage","@id":"https:\/\/jedlinski-restrukturyzacja.pl\/?page_id=646","url":"https:\/\/jedlinski-restrukturyzacja.pl\/?page_id=646","name":"\u015aremska 66\/68 63-100 \u015arem - Jedli\u0144ski-Restrukturyzacja","isPartOf":{"@id":"https:\/\/jedlinski-restrukturyzacja.pl\/#website"},"datePublished":"2024-08-15T15:11:42+00:00","dateModified":"2024-08-15T15:14:36+00:00","description":"Powierzchnia ca\u0142kowita zabudowy 2000 m2 w tym budynek ,dom jednorodzinny o pow. ca\u0142kowitej316 m2 = 7 pokoi ,kuchnia,3 \u0142azienki dodatkowo taras ,gara\u017ce i inne pomieszczenia.","breadcrumb":{"@id":"https:\/\/jedlinski-restrukturyzacja.pl\/?page_id=646#breadcrumb"},"inLanguage":"en-US","potentialAction":[{"@type":"ReadAction","target":["https:\/\/jedlinski-restrukturyzacja.pl\/?page_id=646"]}]},{"@type":"BreadcrumbList","@id":"https:\/\/jedlinski-restrukturyzacja.pl\/?page_id=646#breadcrumb","itemListElement":[{"@type":"ListItem","position":1,"name":"Strona g\u0142\u00f3wna","item":"https:\/\/jedlinski-restrukturyzacja.pl\/"},{"@type":"ListItem","position":2,"name":"\u015aremska 66\/68 63-100 \u015arem"}]},{"@type":"WebSite","@id":"https:\/\/jedlinski-restrukturyzacja.pl\/#website","url":"https:\/\/jedlinski-restrukturyzacja.pl\/","name":"Jedli\u0144ski-Restrukturyzacja","description":"","potentialAction":[{"@type":"SearchAction","target":{"@type":"EntryPoint","urlTemplate":"https:\/\/jedlinski-restrukturyzacja.pl\/?s={search_term_string}"},"query-input":"required name=search_term_string"}],"inLanguage":"en-US"}]}},"_links":{"self":[{"href":"https:\/\/jedlinski-restrukturyzacja.pl\/index.php?rest_route=\/wp\/v2\/pages\/646","targetHints":{"allow":["GET"]}}],"collection":[{"href":"https:\/\/jedlinski-restrukturyzacja.pl\/index.php?rest_route=\/wp\/v2\/pages"}],"about":[{"href":"https:\/\/jedlinski-restrukturyzacja.pl\/index.php?rest_route=\/wp\/v2\/types\/page"}],"author":[{"embeddable":true,"href":"https:\/\/jedlinski-restrukturyzacja.pl\/index.php?rest_route=\/wp\/v2\/users\/1"}],"replies":[{"embeddable":true,"href":"https:\/\/jedlinski-restrukturyzacja.pl\/index.php?rest_route=%2Fwp%2Fv2%2Fcomments&post=646"}],"version-history":[{"count":4,"href":"https:\/\/jedlinski-restrukturyzacja.pl\/index.php?rest_route=\/wp\/v2\/pages\/646\/revisions"}],"predecessor-version":[{"id":650,"href":"https:\/\/jedlinski-restrukturyzacja.pl\/index.php?rest_route=\/wp\/v2\/pages\/646\/revisions\/650"}],"wp:attachment":[{"href":"https:\/\/jedlinski-restrukturyzacja.pl\/index.php?rest_route=%2Fwp%2Fv2%2Fmedia&parent=646"}],"curies":[{"name":"wp","href":"https:\/\/api.w.org\/{rel}","templated":true}]}}