{"id":651,"date":"2024-08-15T17:17:40","date_gmt":"2024-08-15T15:17:40","guid":{"rendered":"https:\/\/jedlinski-restrukturyzacja.pl\/?page_id=651"},"modified":"2024-08-15T17:34:29","modified_gmt":"2024-08-15T15:34:29","slug":"grudziadz-pomiedzy-ul-rybacka-a-ul-portowa","status":"publish","type":"page","link":"https:\/\/jedlinski-restrukturyzacja.pl\/?page_id=651","title":{"rendered":"Grudzi\u0105dz pomi\u0119dzy ul. Ryback\u0105, a ul. Portow\u0105"},"content":{"rendered":"\t\t<div data-elementor-type=\"wp-page\" data-elementor-id=\"651\" class=\"elementor elementor-651\" data-elementor-post-type=\"page\">\n\t\t\t\t<div class=\"elementor-element elementor-element-dda813c e-flex e-con-boxed e-con e-parent\" data-id=\"dda813c\" data-element_type=\"container\">\n\t\t\t\t\t<div class=\"e-con-inner\">\n\t\t\t\t<div class=\"elementor-element elementor-element-5d4ed06 elementor-widget elementor-widget-heading\" data-id=\"5d4ed06\" data-element_type=\"widget\" data-widget_type=\"heading.default\">\n\t\t\t\t<div class=\"elementor-widget-container\">\n\t\t\t<h2 class=\"elementor-heading-title elementor-size-default\">DORADCA RESTRUKTURYZACYJNY OFERUJE DO SPRZEDA\u017bY<\/h2>\t\t<\/div>\n\t\t\t\t<\/div>\n\t\t\t\t\t<\/div>\n\t\t\t\t<\/div>\n\t\t<div class=\"elementor-element elementor-element-5d33bc3 e-flex e-con-boxed e-con e-parent\" data-id=\"5d33bc3\" data-element_type=\"container\">\n\t\t\t\t\t<div class=\"e-con-inner\">\n\t\t\t\t<div class=\"elementor-element elementor-element-8c0ce97 elementor-widget elementor-widget-text-editor\" data-id=\"8c0ce97\" data-element_type=\"widget\" data-widget_type=\"text-editor.default\">\n\t\t\t\t<div class=\"elementor-widget-container\">\n\t\t\t\t\t\t\t<p>Dzia\u0142ka o powierzchni 5 648 m2 zabudowana dwukondygnacyjn\u0105 nieruchomo\u015bci\u0105 o powierzchni<br \/>6 501 m2 po\u0142o\u017cona w Grudzi\u0105dzu pomi\u0119dzy ul. Ryback\u0105, a ul. Portow\u0105 w obr\u0119bie \u015ar\u00f3dmie\u015bcia<br \/>z pi\u0119knym widokiem na Wis\u0142\u0119 i jej nabrze\u017ce. Pomimo, \u017ce nieruchomo\u015b\u0107 po\u0142o\u017cona jest nad Wis\u0142\u0105,<br \/>to nie le\u017cy na terenach zalewowych \u2212 na teren ten nie mia\u0142y wp\u0142ywu przep\u0142ywy maksymalnych<br \/>w\u00f3d powierzchniowych przez ostatnie 100 lat.<br \/><br \/>Nieruchomo\u015b\u0107 po\u0142o\u017cona jest w s\u0105siedztwie Portu rzecznego z nowo wybudowanym mostem dla<br \/>spaceruj\u0105cych z jednej strony i w bezpo\u015brednim s\u0105siedztwie Star\u00f3wki i jej \u015bredniowiecznej<br \/>zabudowy oraz B\u0142oni nadwi\u015bla\u0144skich ci\u0105gn\u0105cych si\u0119 u st\u00f3p pot\u0119\u017cnych historycznych spichlerzy<br \/>z drugiej strony. B\u0142onia nadwi\u015bla\u0144skie z licznymi traktami dla spacerowicz\u00f3w i \u015bcie\u017ckami<br \/>rowerowymi po rewitalizacji sta\u0142y si\u0119 atrakcyjnym miejscem rekreacyjnym, a w po\u0142\u0105czeniu<br \/>z wyremontowanym i zagospodarowanym Portem rzecznym w sk\u0142ad kt\u00f3rego wchodzi hotel, korty<br \/>tenisowe i niewielki amfiteatr, teren ten znacznie zyska\u0142 na popularno\u015bci i atrakcyjno\u015bci.<br \/><br \/>Nieruchomo\u015b\u0107 znajduje si\u0119 w odleg\u0142o\u015bci ok 500m od mostu kolejowo &#8211; drogowego sk\u0105d jest<br \/>doskonale widoczna oraz w odleg\u0142o\u015bci ok 400m od najwi\u0119kszej w mie\u015bcie galerii handlowej Alfa<br \/>z 5-o salowym kinem Helios odwiedzanym przez wielu mieszka\u0144c\u00f3w miasta jak i go\u015bci oraz<br \/>turyst\u00f3w spoza Grudzi\u0105dza.<br \/><br \/>Do nieruchomo\u015bci istnieje bezpo\u015bredni dojazd nowo wyremontowan\u0105 drog\u0105 z mostu oraz<br \/>dogodny dojazd od strony \u015ar\u00f3dmie\u015bcia, zar\u00f3wno od ul. Rybackiej jak i Portowej, przy kt\u00f3rej<br \/>znajduje si\u0119 ponad 100 miejsc parkingowych. Nieruchomo\u015b\u0107 posiada dost\u0119pno\u015b\u0107 3 zjazd\u00f3w z dr\u00f3g<br \/>publicznych przyleg\u0142ych do dzia\u0142ki. Ponadto dopuszcza si\u0119 budow\u0119 k\u0142adek nad ulic\u0105 Ryback\u0105<br \/>do s\u0105siednich teren\u00f3w. Nieruchomo\u015b\u0107 posiada r\u00f3wnie\u017c wygodn\u0105 dost\u0119pno\u015b\u0107 do komunikacji<br \/>miejskiej \u2212 autobusy i tramwaje. Dzia\u0142ka mo\u017ce by\u0107 zabudowana 7-o kondygnacyjnymi budynkami<br \/>z uwzgl\u0119dnieniem mieszka\u0144, apartament\u00f3w, us\u0142ug i handlu detalicznego w tym handlu<br \/>wielkopowierzchniowego, gdy\u017c po\u0142o\u017cona jest na terenie, na kt\u00f3rym obowi\u0105zuje miejscowy plan<br \/>zagospodarowania przestrzennego pod nazw\u0105: \u201eCentrum \u2013 Po\u0142udnie 1\u201d, obejmuj\u0105cy obszar<br \/>zawarty mi\u0119dzy ulicami Al. 23 Stycznia, Toru\u0144sk\u0105, Marcinkowskiego, basenem portowym i rzek\u0105<br \/>Wis\u0142\u0105, przyj\u0119ty Uchwa\u0142\u0105 Nr LIII\/28\/10 Rady Miejskiej Grudzi\u0105dza z dnia 28 kwietnia 2010 r.<br \/><br \/>Zgodnie z planem nieruchomo\u015b\u0107 przeznaczona jest pod:<br \/><br \/>1. zesp\u00f3\u0142 zabudowy wielorodzinnej z us\u0142ugami podstawowymi takimi jak parkingi, sale<br \/>rekreacyjno-sportowe, klubowe, ziele\u0144 urz\u0105dzona itp. s\u0142u\u017c\u0105cymi bezpo\u015bredniej obs\u0142udze<br \/>mieszka\u0144c\u00f3w zespo\u0142u, z dopuszczeniem ca\u0142kowitej wymiany istniej\u0105cych obiekt\u00f3w w celu<br \/>osi\u0105gni\u0119cia sp\u00f3jnej kompozycji architektoniczno-przestrzennej;<br \/><br \/>2. funkcje r\u00f3wnorz\u0119dne: handel detaliczny w tym r\u00f3wnie\u017c wielko powierzchniowy, us\u0142ugi<br \/>og\u00f3lnodost\u0119pne takie jak: restauracje, kawiarnie, ma\u0142a gastronomia, us\u0142ugi finansowe,<br \/>administracyjno-biurowe, gabinety lekarskie itp.<br \/><br \/>Kontakt pod numerem telefonu: 665 454 333<\/p>\t\t\t\t\t\t<\/div>\n\t\t\t\t<\/div>\n\t\t\t\t\t<\/div>\n\t\t\t\t<\/div>\n\t\t<div class=\"elementor-element elementor-element-1ee0c59 e-flex e-con-boxed e-con e-parent\" data-id=\"1ee0c59\" data-element_type=\"container\">\n\t\t\t\t\t<div class=\"e-con-inner\">\n\t\t\t\t<div class=\"elementor-element elementor-element-1c06666 elementor-widget elementor-widget-heading\" data-id=\"1c06666\" data-element_type=\"widget\" data-widget_type=\"heading.default\">\n\t\t\t\t<div class=\"elementor-widget-container\">\n\t\t\t<h2 class=\"elementor-heading-title elementor-size-default\">Galeria<\/h2>\t\t<\/div>\n\t\t\t\t<\/div>\n\t\t\t\t\t<\/div>\n\t\t\t\t<\/div>\n\t\t<div class=\"elementor-element elementor-element-2de75a3a e-con-full e-flex e-con e-parent\" data-id=\"2de75a3a\" data-element_type=\"container\" data-settings=\"{&quot;background_background&quot;:&quot;classic&quot;}\">\n\t\t\t\t<div class=\"elementor-element elementor-element-421ec103 elementor-widget__width-initial elementor-cta--skin-classic elementor-animated-content elementor-invisible elementor-widget elementor-widget-call-to-action\" data-id=\"421ec103\" data-element_type=\"widget\" data-settings=\"{&quot;_animation&quot;:&quot;fadeInUp&quot;}\" data-widget_type=\"call-to-action.default\">\n\t\t\t\t<div class=\"elementor-widget-container\">\n\t\t\t\t\t<div class=\"elementor-cta\">\n\t\t\t\t\t<div class=\"elementor-cta__bg-wrapper\">\n\t\t\t\t<div class=\"elementor-cta__bg elementor-bg\" style=\"background-image: url(https:\/\/jedlinski-restrukturyzacja.pl\/wp-content\/uploads\/2024\/08\/04.jpg);\" role=\"img\" aria-label=\"04\"><\/div>\n\t\t\t\t<div class=\"elementor-cta__bg-overlay\"><\/div>\n\t\t\t<\/div>\n\t\t\t\t\t\t\t\t<\/div>\n\t\t\t\t<\/div>\n\t\t\t\t<\/div>\n\t\t\t\t<div class=\"elementor-element elementor-element-1a89cc91 elementor-widget__width-initial elementor-cta--skin-classic elementor-animated-content elementor-invisible elementor-widget elementor-widget-call-to-action\" data-id=\"1a89cc91\" data-element_type=\"widget\" data-settings=\"{&quot;_animation&quot;:&quot;fadeInUp&quot;,&quot;_animation_delay&quot;:&quot;200&quot;}\" data-widget_type=\"call-to-action.default\">\n\t\t\t\t<div class=\"elementor-widget-container\">\n\t\t\t\t\t<div class=\"elementor-cta\">\n\t\t\t\t\t<div class=\"elementor-cta__bg-wrapper\">\n\t\t\t\t<div class=\"elementor-cta__bg elementor-bg\" style=\"background-image: url(https:\/\/jedlinski-restrukturyzacja.pl\/wp-content\/uploads\/2024\/08\/07.jpg);\" role=\"img\" aria-label=\"07\"><\/div>\n\t\t\t\t<div class=\"elementor-cta__bg-overlay\"><\/div>\n\t\t\t<\/div>\n\t\t\t\t\t\t\t\t<\/div>\n\t\t\t\t<\/div>\n\t\t\t\t<\/div>\n\t\t\t\t<div class=\"elementor-element elementor-element-3dd6f52d elementor-widget__width-initial elementor-cta--skin-classic elementor-animated-content elementor-invisible elementor-widget elementor-widget-call-to-action\" data-id=\"3dd6f52d\" data-element_type=\"widget\" data-settings=\"{&quot;_animation&quot;:&quot;fadeInUp&quot;,&quot;_animation_delay&quot;:&quot;400&quot;}\" data-widget_type=\"call-to-action.default\">\n\t\t\t\t<div class=\"elementor-widget-container\">\n\t\t\t\t\t<div class=\"elementor-cta\">\n\t\t\t\t\t<div class=\"elementor-cta__bg-wrapper\">\n\t\t\t\t<div class=\"elementor-cta__bg elementor-bg\" style=\"background-image: url(https:\/\/jedlinski-restrukturyzacja.pl\/wp-content\/uploads\/2024\/08\/21.jpg);\" role=\"img\" aria-label=\"21\"><\/div>\n\t\t\t\t<div class=\"elementor-cta__bg-overlay\"><\/div>\n\t\t\t<\/div>\n\t\t\t\t\t\t\t\t<\/div>\n\t\t\t\t<\/div>\n\t\t\t\t<\/div>\n\t\t\t\t<\/div>\n\t\t<div class=\"elementor-element elementor-element-d1206df e-con-full e-flex e-con e-parent\" data-id=\"d1206df\" data-element_type=\"container\" data-settings=\"{&quot;background_background&quot;:&quot;classic&quot;}\">\n\t\t\t\t<div class=\"elementor-element elementor-element-8bc61e5 elementor-widget__width-initial elementor-cta--skin-classic elementor-animated-content elementor-invisible elementor-widget elementor-widget-call-to-action\" data-id=\"8bc61e5\" data-element_type=\"widget\" data-settings=\"{&quot;_animation&quot;:&quot;fadeInUp&quot;}\" data-widget_type=\"call-to-action.default\">\n\t\t\t\t<div class=\"elementor-widget-container\">\n\t\t\t\t\t<div class=\"elementor-cta\">\n\t\t\t\t\t<div class=\"elementor-cta__bg-wrapper\">\n\t\t\t\t<div class=\"elementor-cta__bg elementor-bg\" style=\"background-image: url(https:\/\/jedlinski-restrukturyzacja.pl\/wp-content\/uploads\/2024\/08\/Grudziadz-WYRYS-Z-MAPY.jpg);\" role=\"img\" aria-label=\"Grudzi\u0105dz - WYRYS Z MAPY\"><\/div>\n\t\t\t\t<div class=\"elementor-cta__bg-overlay\"><\/div>\n\t\t\t<\/div>\n\t\t\t\t\t\t\t\t<\/div>\n\t\t\t\t<\/div>\n\t\t\t\t<\/div>\n\t\t\t\t<div class=\"elementor-element elementor-element-a321b8e elementor-widget__width-initial elementor-cta--skin-classic elementor-animated-content elementor-invisible elementor-widget elementor-widget-call-to-action\" data-id=\"a321b8e\" data-element_type=\"widget\" data-settings=\"{&quot;_animation&quot;:&quot;fadeInUp&quot;,&quot;_animation_delay&quot;:&quot;200&quot;}\" data-widget_type=\"call-to-action.default\">\n\t\t\t\t<div class=\"elementor-widget-container\">\n\t\t\t\t\t<div class=\"elementor-cta\">\n\t\t\t\t\t<div class=\"elementor-cta__bg-wrapper\">\n\t\t\t\t<div class=\"elementor-cta__bg elementor-bg\" style=\"background-image: url(https:\/\/jedlinski-restrukturyzacja.pl\/wp-content\/uploads\/2024\/08\/09.jpg);\" role=\"img\" aria-label=\"09\"><\/div>\n\t\t\t\t<div class=\"elementor-cta__bg-overlay\"><\/div>\n\t\t\t<\/div>\n\t\t\t\t\t\t\t\t<\/div>\n\t\t\t\t<\/div>\n\t\t\t\t<\/div>\n\t\t\t\t<div class=\"elementor-element elementor-element-97562cd elementor-widget__width-initial elementor-cta--skin-classic elementor-animated-content elementor-invisible elementor-widget elementor-widget-call-to-action\" data-id=\"97562cd\" data-element_type=\"widget\" data-settings=\"{&quot;_animation&quot;:&quot;fadeInUp&quot;,&quot;_animation_delay&quot;:&quot;400&quot;}\" data-widget_type=\"call-to-action.default\">\n\t\t\t\t<div class=\"elementor-widget-container\">\n\t\t\t\t\t<div class=\"elementor-cta\">\n\t\t\t\t\t<div class=\"elementor-cta__bg-wrapper\">\n\t\t\t\t<div class=\"elementor-cta__bg elementor-bg\" style=\"background-image: url(https:\/\/jedlinski-restrukturyzacja.pl\/wp-content\/uploads\/2024\/08\/05.jpg);\" role=\"img\" aria-label=\"05\"><\/div>\n\t\t\t\t<div class=\"elementor-cta__bg-overlay\"><\/div>\n\t\t\t<\/div>\n\t\t\t\t\t\t\t\t<\/div>\n\t\t\t\t<\/div>\n\t\t\t\t<\/div>\n\t\t\t\t<\/div>\n\t\t\t\t<\/div>\n\t\t","protected":false},"excerpt":{"rendered":"<p>DORADCA RESTRUKTURYZACYJNY OFERUJE DO SPRZEDA\u017bY Dzia\u0142ka o powierzchni 5 648 m2 zabudowana dwukondygnacyjn\u0105 nieruchomo\u015bci\u0105 o powierzchni6 501 m2 po\u0142o\u017cona w [&hellip;]<\/p>\n","protected":false},"author":1,"featured_media":0,"parent":0,"menu_order":0,"comment_status":"closed","ping_status":"closed","template":"","meta":{"site-sidebar-layout":"no-sidebar","site-content-layout":"","ast-site-content-layout":"full-width-container","site-content-style":"default","site-sidebar-style":"default","ast-global-header-display":"","ast-banner-title-visibility":"","ast-main-header-display":"","ast-hfb-above-header-display":"","ast-hfb-below-header-display":"","ast-hfb-mobile-header-display":"","site-post-title":"disabled","ast-breadcrumbs-content":"","ast-featured-img":"disabled","footer-sml-layout":"","theme-transparent-header-meta":"","adv-header-id-meta":"","stick-header-meta":"","header-above-stick-meta":"","header-main-stick-meta":"","header-below-stick-meta":"","astra-migrate-meta-layouts":"default","ast-page-background-enabled":"default","ast-page-background-meta":{"desktop":{"background-color":"var(--ast-global-color-4)","background-image":"","background-repeat":"repeat","background-position":"center center","background-size":"auto","background-attachment":"scroll","background-type":"","background-media":"","overlay-type":"","overlay-color":"","overlay-opacity":"","overlay-gradient":""},"tablet":{"background-color":"","background-image":"","background-repeat":"repeat","background-position":"center center","background-size":"auto","background-attachment":"scroll","background-type":"","background-media":"","overlay-type":"","overlay-color":"","overlay-opacity":"","overlay-gradient":""},"mobile":{"background-color":"","background-image":"","background-repeat":"repeat","background-position":"center center","background-size":"auto","background-attachment":"scroll","background-type":"","background-media":"","overlay-type":"","overlay-color":"","overlay-opacity":"","overlay-gradient":""}},"ast-content-background-meta":{"desktop":{"background-color":"var(--ast-global-color-5)","background-image":"","background-repeat":"repeat","background-position":"center center","background-size":"auto","background-attachment":"scroll","background-type":"","background-media":"","overlay-type":"","overlay-color":"","overlay-opacity":"","overlay-gradient":""},"tablet":{"background-color":"var(--ast-global-color-5)","background-image":"","background-repeat":"repeat","background-position":"center center","background-size":"auto","background-attachment":"scroll","background-type":"","background-media":"","overlay-type":"","overlay-color":"","overlay-opacity":"","overlay-gradient":""},"mobile":{"background-color":"var(--ast-global-color-5)","background-image":"","background-repeat":"repeat","background-position":"center center","background-size":"auto","background-attachment":"scroll","background-type":"","background-media":"","overlay-type":"","overlay-color":"","overlay-opacity":"","overlay-gradient":""}},"footnotes":""},"class_list":["post-651","page","type-page","status-publish","hentry"],"yoast_head":"<!-- This site is optimized with the Yoast SEO plugin v23.3 - https:\/\/yoast.com\/wordpress\/plugins\/seo\/ -->\n<title>Grudzi\u0105dz pomi\u0119dzy ul. Ryback\u0105, a ul. Portow\u0105 - Jedli\u0144ski-Restrukturyzacja<\/title>\n<meta name=\"description\" content=\"Dzia\u0142ka o powierzchni 5 648 m2zabudowana dwukondygnacyjn\u0105 nieruchomo\u015bci\u0105 o powierzchni6 501 m2 po\u0142o\u017cona w Grudzi\u0105dzu pomi\u0119dzy ul. Ryback\u0105, a ul. Portow\u0105 w obr\u0119bie \u015ar\u00f3dmie\u015bcia.\" \/>\n<meta name=\"robots\" content=\"index, follow, max-snippet:-1, max-image-preview:large, max-video-preview:-1\" \/>\n<link rel=\"canonical\" href=\"https:\/\/jedlinski-restrukturyzacja.pl\/?page_id=651\" \/>\n<meta property=\"og:locale\" content=\"en_US\" \/>\n<meta property=\"og:type\" content=\"article\" \/>\n<meta property=\"og:title\" content=\"Grudzi\u0105dz pomi\u0119dzy ul. Ryback\u0105, a ul. Portow\u0105 - Jedli\u0144ski-Restrukturyzacja\" \/>\n<meta property=\"og:description\" content=\"Dzia\u0142ka o powierzchni 5 648 m2zabudowana dwukondygnacyjn\u0105 nieruchomo\u015bci\u0105 o powierzchni6 501 m2 po\u0142o\u017cona w Grudzi\u0105dzu pomi\u0119dzy ul. Ryback\u0105, a ul. Portow\u0105 w obr\u0119bie \u015ar\u00f3dmie\u015bcia.\" \/>\n<meta property=\"og:url\" content=\"https:\/\/jedlinski-restrukturyzacja.pl\/?page_id=651\" \/>\n<meta property=\"og:site_name\" content=\"Jedli\u0144ski-Restrukturyzacja\" \/>\n<meta property=\"article:modified_time\" content=\"2024-08-15T15:34:29+00:00\" \/>\n<meta name=\"twitter:card\" content=\"summary_large_image\" \/>\n<meta name=\"twitter:label1\" content=\"Est. reading time\" \/>\n\t<meta name=\"twitter:data1\" content=\"3 minutes\" \/>\n<script type=\"application\/ld+json\" class=\"yoast-schema-graph\">{\"@context\":\"https:\/\/schema.org\",\"@graph\":[{\"@type\":\"WebPage\",\"@id\":\"https:\/\/jedlinski-restrukturyzacja.pl\/?page_id=651\",\"url\":\"https:\/\/jedlinski-restrukturyzacja.pl\/?page_id=651\",\"name\":\"Grudzi\u0105dz pomi\u0119dzy ul. Ryback\u0105, a ul. Portow\u0105 - Jedli\u0144ski-Restrukturyzacja\",\"isPartOf\":{\"@id\":\"https:\/\/jedlinski-restrukturyzacja.pl\/#website\"},\"datePublished\":\"2024-08-15T15:17:40+00:00\",\"dateModified\":\"2024-08-15T15:34:29+00:00\",\"description\":\"Dzia\u0142ka o powierzchni 5 648 m2zabudowana dwukondygnacyjn\u0105 nieruchomo\u015bci\u0105 o powierzchni6 501 m2 po\u0142o\u017cona w Grudzi\u0105dzu pomi\u0119dzy ul. Ryback\u0105, a ul. Portow\u0105 w obr\u0119bie \u015ar\u00f3dmie\u015bcia.\",\"breadcrumb\":{\"@id\":\"https:\/\/jedlinski-restrukturyzacja.pl\/?page_id=651#breadcrumb\"},\"inLanguage\":\"en-US\",\"potentialAction\":[{\"@type\":\"ReadAction\",\"target\":[\"https:\/\/jedlinski-restrukturyzacja.pl\/?page_id=651\"]}]},{\"@type\":\"BreadcrumbList\",\"@id\":\"https:\/\/jedlinski-restrukturyzacja.pl\/?page_id=651#breadcrumb\",\"itemListElement\":[{\"@type\":\"ListItem\",\"position\":1,\"name\":\"Strona g\u0142\u00f3wna\",\"item\":\"https:\/\/jedlinski-restrukturyzacja.pl\/\"},{\"@type\":\"ListItem\",\"position\":2,\"name\":\"Grudzi\u0105dz pomi\u0119dzy ul. Ryback\u0105, a ul. Portow\u0105\"}]},{\"@type\":\"WebSite\",\"@id\":\"https:\/\/jedlinski-restrukturyzacja.pl\/#website\",\"url\":\"https:\/\/jedlinski-restrukturyzacja.pl\/\",\"name\":\"Jedli\u0144ski-Restrukturyzacja\",\"description\":\"\",\"potentialAction\":[{\"@type\":\"SearchAction\",\"target\":{\"@type\":\"EntryPoint\",\"urlTemplate\":\"https:\/\/jedlinski-restrukturyzacja.pl\/?s={search_term_string}\"},\"query-input\":\"required name=search_term_string\"}],\"inLanguage\":\"en-US\"}]}<\/script>\n<!-- \/ Yoast SEO plugin. -->","yoast_head_json":{"title":"Grudzi\u0105dz pomi\u0119dzy ul. Ryback\u0105, a ul. Portow\u0105 - Jedli\u0144ski-Restrukturyzacja","description":"Dzia\u0142ka o powierzchni 5 648 m2zabudowana dwukondygnacyjn\u0105 nieruchomo\u015bci\u0105 o powierzchni6 501 m2 po\u0142o\u017cona w Grudzi\u0105dzu pomi\u0119dzy ul. Ryback\u0105, a ul. Portow\u0105 w obr\u0119bie \u015ar\u00f3dmie\u015bcia.","robots":{"index":"index","follow":"follow","max-snippet":"max-snippet:-1","max-image-preview":"max-image-preview:large","max-video-preview":"max-video-preview:-1"},"canonical":"https:\/\/jedlinski-restrukturyzacja.pl\/?page_id=651","og_locale":"en_US","og_type":"article","og_title":"Grudzi\u0105dz pomi\u0119dzy ul. Ryback\u0105, a ul. Portow\u0105 - Jedli\u0144ski-Restrukturyzacja","og_description":"Dzia\u0142ka o powierzchni 5 648 m2zabudowana dwukondygnacyjn\u0105 nieruchomo\u015bci\u0105 o powierzchni6 501 m2 po\u0142o\u017cona w Grudzi\u0105dzu pomi\u0119dzy ul. Ryback\u0105, a ul. Portow\u0105 w obr\u0119bie \u015ar\u00f3dmie\u015bcia.","og_url":"https:\/\/jedlinski-restrukturyzacja.pl\/?page_id=651","og_site_name":"Jedli\u0144ski-Restrukturyzacja","article_modified_time":"2024-08-15T15:34:29+00:00","twitter_card":"summary_large_image","twitter_misc":{"Est. reading time":"3 minutes"},"schema":{"@context":"https:\/\/schema.org","@graph":[{"@type":"WebPage","@id":"https:\/\/jedlinski-restrukturyzacja.pl\/?page_id=651","url":"https:\/\/jedlinski-restrukturyzacja.pl\/?page_id=651","name":"Grudzi\u0105dz pomi\u0119dzy ul. Ryback\u0105, a ul. Portow\u0105 - Jedli\u0144ski-Restrukturyzacja","isPartOf":{"@id":"https:\/\/jedlinski-restrukturyzacja.pl\/#website"},"datePublished":"2024-08-15T15:17:40+00:00","dateModified":"2024-08-15T15:34:29+00:00","description":"Dzia\u0142ka o powierzchni 5 648 m2zabudowana dwukondygnacyjn\u0105 nieruchomo\u015bci\u0105 o powierzchni6 501 m2 po\u0142o\u017cona w Grudzi\u0105dzu pomi\u0119dzy ul. Ryback\u0105, a ul. Portow\u0105 w obr\u0119bie \u015ar\u00f3dmie\u015bcia.","breadcrumb":{"@id":"https:\/\/jedlinski-restrukturyzacja.pl\/?page_id=651#breadcrumb"},"inLanguage":"en-US","potentialAction":[{"@type":"ReadAction","target":["https:\/\/jedlinski-restrukturyzacja.pl\/?page_id=651"]}]},{"@type":"BreadcrumbList","@id":"https:\/\/jedlinski-restrukturyzacja.pl\/?page_id=651#breadcrumb","itemListElement":[{"@type":"ListItem","position":1,"name":"Strona g\u0142\u00f3wna","item":"https:\/\/jedlinski-restrukturyzacja.pl\/"},{"@type":"ListItem","position":2,"name":"Grudzi\u0105dz pomi\u0119dzy ul. Ryback\u0105, a ul. Portow\u0105"}]},{"@type":"WebSite","@id":"https:\/\/jedlinski-restrukturyzacja.pl\/#website","url":"https:\/\/jedlinski-restrukturyzacja.pl\/","name":"Jedli\u0144ski-Restrukturyzacja","description":"","potentialAction":[{"@type":"SearchAction","target":{"@type":"EntryPoint","urlTemplate":"https:\/\/jedlinski-restrukturyzacja.pl\/?s={search_term_string}"},"query-input":"required name=search_term_string"}],"inLanguage":"en-US"}]}},"_links":{"self":[{"href":"https:\/\/jedlinski-restrukturyzacja.pl\/index.php?rest_route=\/wp\/v2\/pages\/651","targetHints":{"allow":["GET"]}}],"collection":[{"href":"https:\/\/jedlinski-restrukturyzacja.pl\/index.php?rest_route=\/wp\/v2\/pages"}],"about":[{"href":"https:\/\/jedlinski-restrukturyzacja.pl\/index.php?rest_route=\/wp\/v2\/types\/page"}],"author":[{"embeddable":true,"href":"https:\/\/jedlinski-restrukturyzacja.pl\/index.php?rest_route=\/wp\/v2\/users\/1"}],"replies":[{"embeddable":true,"href":"https:\/\/jedlinski-restrukturyzacja.pl\/index.php?rest_route=%2Fwp%2Fv2%2Fcomments&post=651"}],"version-history":[{"count":7,"href":"https:\/\/jedlinski-restrukturyzacja.pl\/index.php?rest_route=\/wp\/v2\/pages\/651\/revisions"}],"predecessor-version":[{"id":679,"href":"https:\/\/jedlinski-restrukturyzacja.pl\/index.php?rest_route=\/wp\/v2\/pages\/651\/revisions\/679"}],"wp:attachment":[{"href":"https:\/\/jedlinski-restrukturyzacja.pl\/index.php?rest_route=%2Fwp%2Fv2%2Fmedia&parent=651"}],"curies":[{"name":"wp","href":"https:\/\/api.w.org\/{rel}","templated":true}]}}