{"id":680,"date":"2024-08-15T17:36:17","date_gmt":"2024-08-15T15:36:17","guid":{"rendered":"https:\/\/jedlinski-restrukturyzacja.pl\/?page_id=680"},"modified":"2024-08-15T17:38:50","modified_gmt":"2024-08-15T15:38:50","slug":"siecino-gm-zlocieniec","status":"publish","type":"page","link":"https:\/\/jedlinski-restrukturyzacja.pl\/?page_id=680","title":{"rendered":"siecino gm z\u0142ocieniec"},"content":{"rendered":"\t\t<div data-elementor-type=\"wp-page\" data-elementor-id=\"680\" class=\"elementor elementor-680\" data-elementor-post-type=\"page\">\n\t\t\t\t<div class=\"elementor-element elementor-element-99940e9 e-flex e-con-boxed e-con e-parent\" data-id=\"99940e9\" data-element_type=\"container\">\n\t\t\t\t\t<div class=\"e-con-inner\">\n\t\t\t\t<div class=\"elementor-element elementor-element-67fa80e elementor-widget elementor-widget-heading\" data-id=\"67fa80e\" data-element_type=\"widget\" data-widget_type=\"heading.default\">\n\t\t\t\t<div class=\"elementor-widget-container\">\n\t\t\t<h2 class=\"elementor-heading-title elementor-size-default\">DORADCA RESTRUKTURYZACYJNY OFERUJE DO SPRZEDA\u017bY<\/h2>\t\t<\/div>\n\t\t\t\t<\/div>\n\t\t\t\t\t<\/div>\n\t\t\t\t<\/div>\n\t\t<div class=\"elementor-element elementor-element-8157acc e-flex e-con-boxed e-con e-parent\" data-id=\"8157acc\" data-element_type=\"container\">\n\t\t\t\t\t<div class=\"e-con-inner\">\n\t\t\t\t<div class=\"elementor-element elementor-element-8219720 elementor-widget elementor-widget-text-editor\" data-id=\"8219720\" data-element_type=\"widget\" data-widget_type=\"text-editor.default\">\n\t\t\t\t<div class=\"elementor-widget-container\">\n\t\t\t\t\t\t\t<p>Dzia\u0142ka budowlano-rolna po\u0142o\u017cona w miejscowo\u015bci siecino gm z\u0142ocieniec pow 0.4389\u00a0 ha dojazd drog\u0105 gruntow\u0105 utwardzan\u0105 , media w pobli\u017cu dzia\u0142ki aktualne pozwolenie na budow\u0119.<\/p>\t\t\t\t\t\t<\/div>\n\t\t\t\t<\/div>\n\t\t\t\t\t<\/div>\n\t\t\t\t<\/div>\n\t\t<div class=\"elementor-element elementor-element-beae0db e-flex e-con-boxed e-con e-parent\" data-id=\"beae0db\" data-element_type=\"container\">\n\t\t\t\t\t<div class=\"e-con-inner\">\n\t\t\t\t<div class=\"elementor-element elementor-element-16218da elementor-widget elementor-widget-image\" data-id=\"16218da\" data-element_type=\"widget\" data-widget_type=\"image.default\">\n\t\t\t\t<div class=\"elementor-widget-container\">\n\t\t\t\t\t\t\t\t\t\t\t\t\t<img fetchpriority=\"high\" decoding=\"async\" width=\"768\" height=\"1645\" src=\"https:\/\/jedlinski-restrukturyzacja.pl\/wp-content\/uploads\/2024\/08\/PHOTO-2024-06-26-13-41-20-1-768x1645.jpg\" class=\"attachment-medium_large size-medium_large wp-image-686\" alt=\"\" srcset=\"https:\/\/jedlinski-restrukturyzacja.pl\/wp-content\/uploads\/2024\/08\/PHOTO-2024-06-26-13-41-20-1-768x1645.jpg 768w, https:\/\/jedlinski-restrukturyzacja.pl\/wp-content\/uploads\/2024\/08\/PHOTO-2024-06-26-13-41-20-1-140x300.jpg 140w, https:\/\/jedlinski-restrukturyzacja.pl\/wp-content\/uploads\/2024\/08\/PHOTO-2024-06-26-13-41-20-1-478x1024.jpg 478w, https:\/\/jedlinski-restrukturyzacja.pl\/wp-content\/uploads\/2024\/08\/PHOTO-2024-06-26-13-41-20-1-717x1536.jpg 717w, https:\/\/jedlinski-restrukturyzacja.pl\/wp-content\/uploads\/2024\/08\/PHOTO-2024-06-26-13-41-20-1.jpg 956w\" sizes=\"(max-width: 768px) 100vw, 768px\" \/>\t\t\t\t\t\t\t\t\t\t\t\t\t<\/div>\n\t\t\t\t<\/div>\n\t\t\t\t\t<\/div>\n\t\t\t\t<\/div>\n\t\t\t\t<\/div>\n\t\t","protected":false},"excerpt":{"rendered":"<p>DORADCA RESTRUKTURYZACYJNY OFERUJE DO SPRZEDA\u017bY Dzia\u0142ka budowlano-rolna po\u0142o\u017cona w miejscowo\u015bci siecino gm z\u0142ocieniec pow 0.4389\u00a0 ha dojazd drog\u0105 gruntow\u0105 utwardzan\u0105 [&hellip;]<\/p>\n","protected":false},"author":1,"featured_media":0,"parent":0,"menu_order":0,"comment_status":"closed","ping_status":"closed","template":"","meta":{"site-sidebar-layout":"no-sidebar","site-content-layout":"","ast-site-content-layout":"full-width-container","site-content-style":"default","site-sidebar-style":"default","ast-global-header-display":"","ast-banner-title-visibility":"","ast-main-header-display":"","ast-hfb-above-header-display":"","ast-hfb-below-header-display":"","ast-hfb-mobile-header-display":"","site-post-title":"disabled","ast-breadcrumbs-content":"","ast-featured-img":"disabled","footer-sml-layout":"","theme-transparent-header-meta":"","adv-header-id-meta":"","stick-header-meta":"","header-above-stick-meta":"","header-main-stick-meta":"","header-below-stick-meta":"","astra-migrate-meta-layouts":"default","ast-page-background-enabled":"default","ast-page-background-meta":{"desktop":{"background-color":"var(--ast-global-color-4)","background-image":"","background-repeat":"repeat","background-position":"center center","background-size":"auto","background-attachment":"scroll","background-type":"","background-media":"","overlay-type":"","overlay-color":"","overlay-opacity":"","overlay-gradient":""},"tablet":{"background-color":"","background-image":"","background-repeat":"repeat","background-position":"center center","background-size":"auto","background-attachment":"scroll","background-type":"","background-media":"","overlay-type":"","overlay-color":"","overlay-opacity":"","overlay-gradient":""},"mobile":{"background-color":"","background-image":"","background-repeat":"repeat","background-position":"center center","background-size":"auto","background-attachment":"scroll","background-type":"","background-media":"","overlay-type":"","overlay-color":"","overlay-opacity":"","overlay-gradient":""}},"ast-content-background-meta":{"desktop":{"background-color":"var(--ast-global-color-5)","background-image":"","background-repeat":"repeat","background-position":"center center","background-size":"auto","background-attachment":"scroll","background-type":"","background-media":"","overlay-type":"","overlay-color":"","overlay-opacity":"","overlay-gradient":""},"tablet":{"background-color":"var(--ast-global-color-5)","background-image":"","background-repeat":"repeat","background-position":"center center","background-size":"auto","background-attachment":"scroll","background-type":"","background-media":"","overlay-type":"","overlay-color":"","overlay-opacity":"","overlay-gradient":""},"mobile":{"background-color":"var(--ast-global-color-5)","background-image":"","background-repeat":"repeat","background-position":"center center","background-size":"auto","background-attachment":"scroll","background-type":"","background-media":"","overlay-type":"","overlay-color":"","overlay-opacity":"","overlay-gradient":""}},"footnotes":""},"class_list":["post-680","page","type-page","status-publish","hentry"],"yoast_head":"<!-- This site is optimized with the Yoast SEO plugin v23.3 - https:\/\/yoast.com\/wordpress\/plugins\/seo\/ -->\n<title>siecino gm z\u0142ocieniec - Jedli\u0144ski-Restrukturyzacja<\/title>\n<meta name=\"description\" content=\"Dzia\u0142ka budowlano-rolna po\u0142o\u017cona w miejscowo\u015bci siecino gm z\u0142ocieniec pow 0.4389 ha dojazd drog\u0105 gruntow\u0105 utwardzan\u0105 , media w pobli\u017cu dzia\u0142ki aktualne pozwolenie na budow\u0119.\" \/>\n<meta name=\"robots\" content=\"index, follow, max-snippet:-1, max-image-preview:large, max-video-preview:-1\" \/>\n<link rel=\"canonical\" href=\"https:\/\/jedlinski-restrukturyzacja.pl\/?page_id=680\" \/>\n<meta property=\"og:locale\" content=\"en_US\" \/>\n<meta property=\"og:type\" content=\"article\" \/>\n<meta property=\"og:title\" content=\"siecino gm z\u0142ocieniec - Jedli\u0144ski-Restrukturyzacja\" \/>\n<meta property=\"og:description\" content=\"Dzia\u0142ka budowlano-rolna po\u0142o\u017cona w miejscowo\u015bci siecino gm z\u0142ocieniec pow 0.4389 ha dojazd drog\u0105 gruntow\u0105 utwardzan\u0105 , media w pobli\u017cu dzia\u0142ki aktualne pozwolenie na budow\u0119.\" \/>\n<meta property=\"og:url\" content=\"https:\/\/jedlinski-restrukturyzacja.pl\/?page_id=680\" \/>\n<meta property=\"og:site_name\" content=\"Jedli\u0144ski-Restrukturyzacja\" \/>\n<meta property=\"article:modified_time\" content=\"2024-08-15T15:38:50+00:00\" \/>\n<meta property=\"og:image\" content=\"https:\/\/jedlinski-restrukturyzacja.pl\/wp-content\/uploads\/2024\/08\/PHOTO-2024-06-26-13-41-20-1-768x1645.jpg\" \/>\n<meta name=\"twitter:card\" content=\"summary_large_image\" \/>\n<meta name=\"twitter:label1\" content=\"Est. reading time\" \/>\n\t<meta name=\"twitter:data1\" content=\"1 minute\" \/>\n<script type=\"application\/ld+json\" class=\"yoast-schema-graph\">{\"@context\":\"https:\/\/schema.org\",\"@graph\":[{\"@type\":\"WebPage\",\"@id\":\"https:\/\/jedlinski-restrukturyzacja.pl\/?page_id=680\",\"url\":\"https:\/\/jedlinski-restrukturyzacja.pl\/?page_id=680\",\"name\":\"siecino gm z\u0142ocieniec - Jedli\u0144ski-Restrukturyzacja\",\"isPartOf\":{\"@id\":\"https:\/\/jedlinski-restrukturyzacja.pl\/#website\"},\"primaryImageOfPage\":{\"@id\":\"https:\/\/jedlinski-restrukturyzacja.pl\/?page_id=680#primaryimage\"},\"image\":{\"@id\":\"https:\/\/jedlinski-restrukturyzacja.pl\/?page_id=680#primaryimage\"},\"thumbnailUrl\":\"https:\/\/jedlinski-restrukturyzacja.pl\/wp-content\/uploads\/2024\/08\/PHOTO-2024-06-26-13-41-20-1-768x1645.jpg\",\"datePublished\":\"2024-08-15T15:36:17+00:00\",\"dateModified\":\"2024-08-15T15:38:50+00:00\",\"description\":\"Dzia\u0142ka budowlano-rolna po\u0142o\u017cona w miejscowo\u015bci siecino gm z\u0142ocieniec pow 0.4389 ha dojazd drog\u0105 gruntow\u0105 utwardzan\u0105 , media w pobli\u017cu dzia\u0142ki aktualne pozwolenie na budow\u0119.\",\"breadcrumb\":{\"@id\":\"https:\/\/jedlinski-restrukturyzacja.pl\/?page_id=680#breadcrumb\"},\"inLanguage\":\"en-US\",\"potentialAction\":[{\"@type\":\"ReadAction\",\"target\":[\"https:\/\/jedlinski-restrukturyzacja.pl\/?page_id=680\"]}]},{\"@type\":\"ImageObject\",\"inLanguage\":\"en-US\",\"@id\":\"https:\/\/jedlinski-restrukturyzacja.pl\/?page_id=680#primaryimage\",\"url\":\"https:\/\/jedlinski-restrukturyzacja.pl\/wp-content\/uploads\/2024\/08\/PHOTO-2024-06-26-13-41-20-1.jpg\",\"contentUrl\":\"https:\/\/jedlinski-restrukturyzacja.pl\/wp-content\/uploads\/2024\/08\/PHOTO-2024-06-26-13-41-20-1.jpg\",\"width\":956,\"height\":2048},{\"@type\":\"BreadcrumbList\",\"@id\":\"https:\/\/jedlinski-restrukturyzacja.pl\/?page_id=680#breadcrumb\",\"itemListElement\":[{\"@type\":\"ListItem\",\"position\":1,\"name\":\"Strona g\u0142\u00f3wna\",\"item\":\"https:\/\/jedlinski-restrukturyzacja.pl\/\"},{\"@type\":\"ListItem\",\"position\":2,\"name\":\"siecino gm z\u0142ocieniec\"}]},{\"@type\":\"WebSite\",\"@id\":\"https:\/\/jedlinski-restrukturyzacja.pl\/#website\",\"url\":\"https:\/\/jedlinski-restrukturyzacja.pl\/\",\"name\":\"Jedli\u0144ski-Restrukturyzacja\",\"description\":\"\",\"potentialAction\":[{\"@type\":\"SearchAction\",\"target\":{\"@type\":\"EntryPoint\",\"urlTemplate\":\"https:\/\/jedlinski-restrukturyzacja.pl\/?s={search_term_string}\"},\"query-input\":\"required name=search_term_string\"}],\"inLanguage\":\"en-US\"}]}<\/script>\n<!-- \/ Yoast SEO plugin. -->","yoast_head_json":{"title":"siecino gm z\u0142ocieniec - Jedli\u0144ski-Restrukturyzacja","description":"Dzia\u0142ka budowlano-rolna po\u0142o\u017cona w miejscowo\u015bci siecino gm z\u0142ocieniec pow 0.4389 ha dojazd drog\u0105 gruntow\u0105 utwardzan\u0105 , media w pobli\u017cu dzia\u0142ki aktualne pozwolenie na budow\u0119.","robots":{"index":"index","follow":"follow","max-snippet":"max-snippet:-1","max-image-preview":"max-image-preview:large","max-video-preview":"max-video-preview:-1"},"canonical":"https:\/\/jedlinski-restrukturyzacja.pl\/?page_id=680","og_locale":"en_US","og_type":"article","og_title":"siecino gm z\u0142ocieniec - Jedli\u0144ski-Restrukturyzacja","og_description":"Dzia\u0142ka budowlano-rolna po\u0142o\u017cona w miejscowo\u015bci siecino gm z\u0142ocieniec pow 0.4389 ha dojazd drog\u0105 gruntow\u0105 utwardzan\u0105 , media w pobli\u017cu dzia\u0142ki aktualne pozwolenie na budow\u0119.","og_url":"https:\/\/jedlinski-restrukturyzacja.pl\/?page_id=680","og_site_name":"Jedli\u0144ski-Restrukturyzacja","article_modified_time":"2024-08-15T15:38:50+00:00","og_image":[{"url":"https:\/\/jedlinski-restrukturyzacja.pl\/wp-content\/uploads\/2024\/08\/PHOTO-2024-06-26-13-41-20-1-768x1645.jpg"}],"twitter_card":"summary_large_image","twitter_misc":{"Est. reading time":"1 minute"},"schema":{"@context":"https:\/\/schema.org","@graph":[{"@type":"WebPage","@id":"https:\/\/jedlinski-restrukturyzacja.pl\/?page_id=680","url":"https:\/\/jedlinski-restrukturyzacja.pl\/?page_id=680","name":"siecino gm z\u0142ocieniec - Jedli\u0144ski-Restrukturyzacja","isPartOf":{"@id":"https:\/\/jedlinski-restrukturyzacja.pl\/#website"},"primaryImageOfPage":{"@id":"https:\/\/jedlinski-restrukturyzacja.pl\/?page_id=680#primaryimage"},"image":{"@id":"https:\/\/jedlinski-restrukturyzacja.pl\/?page_id=680#primaryimage"},"thumbnailUrl":"https:\/\/jedlinski-restrukturyzacja.pl\/wp-content\/uploads\/2024\/08\/PHOTO-2024-06-26-13-41-20-1-768x1645.jpg","datePublished":"2024-08-15T15:36:17+00:00","dateModified":"2024-08-15T15:38:50+00:00","description":"Dzia\u0142ka budowlano-rolna po\u0142o\u017cona w miejscowo\u015bci siecino gm z\u0142ocieniec pow 0.4389 ha dojazd drog\u0105 gruntow\u0105 utwardzan\u0105 , media w pobli\u017cu dzia\u0142ki aktualne pozwolenie na budow\u0119.","breadcrumb":{"@id":"https:\/\/jedlinski-restrukturyzacja.pl\/?page_id=680#breadcrumb"},"inLanguage":"en-US","potentialAction":[{"@type":"ReadAction","target":["https:\/\/jedlinski-restrukturyzacja.pl\/?page_id=680"]}]},{"@type":"ImageObject","inLanguage":"en-US","@id":"https:\/\/jedlinski-restrukturyzacja.pl\/?page_id=680#primaryimage","url":"https:\/\/jedlinski-restrukturyzacja.pl\/wp-content\/uploads\/2024\/08\/PHOTO-2024-06-26-13-41-20-1.jpg","contentUrl":"https:\/\/jedlinski-restrukturyzacja.pl\/wp-content\/uploads\/2024\/08\/PHOTO-2024-06-26-13-41-20-1.jpg","width":956,"height":2048},{"@type":"BreadcrumbList","@id":"https:\/\/jedlinski-restrukturyzacja.pl\/?page_id=680#breadcrumb","itemListElement":[{"@type":"ListItem","position":1,"name":"Strona g\u0142\u00f3wna","item":"https:\/\/jedlinski-restrukturyzacja.pl\/"},{"@type":"ListItem","position":2,"name":"siecino gm z\u0142ocieniec"}]},{"@type":"WebSite","@id":"https:\/\/jedlinski-restrukturyzacja.pl\/#website","url":"https:\/\/jedlinski-restrukturyzacja.pl\/","name":"Jedli\u0144ski-Restrukturyzacja","description":"","potentialAction":[{"@type":"SearchAction","target":{"@type":"EntryPoint","urlTemplate":"https:\/\/jedlinski-restrukturyzacja.pl\/?s={search_term_string}"},"query-input":"required name=search_term_string"}],"inLanguage":"en-US"}]}},"_links":{"self":[{"href":"https:\/\/jedlinski-restrukturyzacja.pl\/index.php?rest_route=\/wp\/v2\/pages\/680","targetHints":{"allow":["GET"]}}],"collection":[{"href":"https:\/\/jedlinski-restrukturyzacja.pl\/index.php?rest_route=\/wp\/v2\/pages"}],"about":[{"href":"https:\/\/jedlinski-restrukturyzacja.pl\/index.php?rest_route=\/wp\/v2\/types\/page"}],"author":[{"embeddable":true,"href":"https:\/\/jedlinski-restrukturyzacja.pl\/index.php?rest_route=\/wp\/v2\/users\/1"}],"replies":[{"embeddable":true,"href":"https:\/\/jedlinski-restrukturyzacja.pl\/index.php?rest_route=%2Fwp%2Fv2%2Fcomments&post=680"}],"version-history":[{"count":4,"href":"https:\/\/jedlinski-restrukturyzacja.pl\/index.php?rest_route=\/wp\/v2\/pages\/680\/revisions"}],"predecessor-version":[{"id":689,"href":"https:\/\/jedlinski-restrukturyzacja.pl\/index.php?rest_route=\/wp\/v2\/pages\/680\/revisions\/689"}],"wp:attachment":[{"href":"https:\/\/jedlinski-restrukturyzacja.pl\/index.php?rest_route=%2Fwp%2Fv2%2Fmedia&parent=680"}],"curies":[{"name":"wp","href":"https:\/\/api.w.org\/{rel}","templated":true}]}}