{"id":791,"date":"2024-08-22T10:14:52","date_gmt":"2024-08-22T08:14:52","guid":{"rendered":"https:\/\/jedlinski-restrukturyzacja.pl\/?page_id=791"},"modified":"2024-08-22T10:40:47","modified_gmt":"2024-08-22T08:40:47","slug":"na-sprzedaz-2","status":"publish","type":"page","link":"https:\/\/jedlinski-restrukturyzacja.pl\/?page_id=791","title":{"rendered":"NA SPRZEDA\u017b"},"content":{"rendered":"\t\t<div data-elementor-type=\"wp-page\" data-elementor-id=\"791\" class=\"elementor elementor-791\" data-elementor-post-type=\"page\">\n\t\t\t\t\t\t<section class=\"elementor-section elementor-top-section elementor-element elementor-element-bd95094 elementor-section-boxed elementor-section-height-default elementor-section-height-default\" data-id=\"bd95094\" data-element_type=\"section\">\n\t\t\t\t\t\t<div class=\"elementor-container elementor-column-gap-default\">\n\t\t\t\t\t<div class=\"elementor-column elementor-col-100 elementor-top-column elementor-element elementor-element-2ab9e44\" data-id=\"2ab9e44\" data-element_type=\"column\">\n\t\t\t<div class=\"elementor-widget-wrap elementor-element-populated\">\n\t\t\t\t\t\t<section class=\"elementor-section elementor-inner-section elementor-element elementor-element-e82553d elementor-section-boxed elementor-section-height-default elementor-section-height-default\" data-id=\"e82553d\" data-element_type=\"section\" data-settings=\"{&quot;background_background&quot;:&quot;classic&quot;}\">\n\t\t\t\t\t\t<div class=\"elementor-container elementor-column-gap-default\">\n\t\t\t\t\t<div class=\"elementor-column elementor-col-33 elementor-inner-column elementor-element elementor-element-349f845\" data-id=\"349f845\" data-element_type=\"column\">\n\t\t\t<div class=\"elementor-widget-wrap elementor-element-populated\">\n\t\t\t\t\t\t<div class=\"elementor-element elementor-element-1be8898 ekit-equal-height-disable elementor-invisible elementor-widget elementor-widget-elementskit-icon-box\" data-id=\"1be8898\" data-element_type=\"widget\" data-settings=\"{&quot;_animation&quot;:&quot;swing&quot;}\" data-widget_type=\"elementskit-icon-box.default\">\n\t\t\t\t<div class=\"elementor-widget-container\">\n\t\t\t<div class=\"ekit-wid-con\" >        <!-- link opening -->\n                <!-- end link opening -->\n\n        <div class=\"elementskit-infobox text-center text- icon-top-align elementor-animation-   \">\n                    <div class=\"elementskit-box-header elementor-animation-\">\n                <div class=\"elementskit-info-box-icon  \">\n                    <i aria-hidden=\"true\" class=\"elementkit-infobox-icon icon icon-building\"><\/i>\n                <\/div>\n          <\/div>\n                        <div class=\"box-body\">\n                            <h3 class=\"elementskit-info-box-title\">\n                    Nieruchomo\u015bci                <\/h3>\n                        \t\t  <p>Zapoznaj si\u0119 z aktualn\u0105 ofert\u0105.<\/p>\n                                        <div class=\"box-footer disable_hover_button\">\n                    <div class=\"btn-wraper\">\n                                                            <a href=\"https:\/\/jedlinski-restrukturyzacja.pl\/?page_id=27\" target=\"_self\" rel=\"\" class=\"elementskit-btn whitespace--normal elementor-animation-\">\n                                                                                Sprawd\u017a                                    <\/a>\n                                                        <\/div>\n                <\/div>\n                    <\/div>\n        \n        \n                <\/div>\n        <\/div>\t\t<\/div>\n\t\t\t\t<\/div>\n\t\t\t\t\t<\/div>\n\t\t<\/div>\n\t\t\t\t<div class=\"elementor-column elementor-col-33 elementor-inner-column elementor-element elementor-element-00cf9e5\" data-id=\"00cf9e5\" data-element_type=\"column\">\n\t\t\t<div class=\"elementor-widget-wrap elementor-element-populated\">\n\t\t\t\t\t\t<div class=\"elementor-element elementor-element-a3f6cd7 ekit-equal-height-disable elementor-invisible elementor-widget elementor-widget-elementskit-icon-box\" data-id=\"a3f6cd7\" data-element_type=\"widget\" data-settings=\"{&quot;_animation&quot;:&quot;swing&quot;}\" data-widget_type=\"elementskit-icon-box.default\">\n\t\t\t\t<div class=\"elementor-widget-container\">\n\t\t\t<div class=\"ekit-wid-con\" >        <!-- link opening -->\n                <!-- end link opening -->\n\n        <div class=\"elementskit-infobox text-center text- icon-top-align elementor-animation-   \">\n                    <div class=\"elementskit-box-header elementor-animation-\">\n                <div class=\"elementskit-info-box-icon  \">\n                    <i aria-hidden=\"true\" class=\"elementkit-infobox-icon icon icon-truck1\"><\/i>\n                <\/div>\n          <\/div>\n                        <div class=\"box-body\">\n                            <h3 class=\"elementskit-info-box-title\">\n                    Ruchomo\u015bci                <\/h3>\n                        \t\t  <p>Zapoznaj si\u0119 z aktualn\u0105 ofert\u0105.<\/p>\n                                        <div class=\"box-footer disable_hover_button\">\n                    <div class=\"btn-wraper\">\n                                                            <a href=\"#\" target=\"_self\" rel=\"\" class=\"elementskit-btn whitespace--normal elementor-animation-\">\n                                                                                Sprawd\u017a                                    <\/a>\n                                                        <\/div>\n                <\/div>\n                    <\/div>\n        \n        \n                <\/div>\n        <\/div>\t\t<\/div>\n\t\t\t\t<\/div>\n\t\t\t\t\t<\/div>\n\t\t<\/div>\n\t\t\t\t<div class=\"elementor-column elementor-col-33 elementor-inner-column elementor-element elementor-element-e891ee9\" data-id=\"e891ee9\" data-element_type=\"column\">\n\t\t\t<div class=\"elementor-widget-wrap elementor-element-populated\">\n\t\t\t\t\t\t<div class=\"elementor-element elementor-element-e0041b5 ekit-equal-height-disable elementor-invisible elementor-widget elementor-widget-elementskit-icon-box\" data-id=\"e0041b5\" data-element_type=\"widget\" data-settings=\"{&quot;_animation&quot;:&quot;swing&quot;}\" data-widget_type=\"elementskit-icon-box.default\">\n\t\t\t\t<div class=\"elementor-widget-container\">\n\t\t\t<div class=\"ekit-wid-con\" >        <!-- link opening -->\n                <!-- end link opening -->\n\n        <div class=\"elementskit-infobox text-center text- icon-top-align elementor-animation-   \">\n                    <div class=\"elementskit-box-header elementor-animation-\">\n                <div class=\"elementskit-info-box-icon  \">\n                    <i aria-hidden=\"true\" class=\"elementkit-infobox-icon icon icon-document\"><\/i>\n                <\/div>\n          <\/div>\n                        <div class=\"box-body\">\n                            <h3 class=\"elementskit-info-box-title\">\n                    Prawa maj\u0105tkowe                <\/h3>\n                        \t\t  <p>Zapoznaj si\u0119 z aktualn\u0105 ofert\u0105.<\/p>\n                                        <div class=\"box-footer disable_hover_button\">\n                    <div class=\"btn-wraper\">\n                                                            <a href=\"#\" target=\"_self\" rel=\"\" class=\"elementskit-btn whitespace--normal elementor-animation-\">\n                                                                                Sprawd\u017a                                    <\/a>\n                                                        <\/div>\n                <\/div>\n                    <\/div>\n        \n        \n                <\/div>\n        <\/div>\t\t<\/div>\n\t\t\t\t<\/div>\n\t\t\t\t\t<\/div>\n\t\t<\/div>\n\t\t\t\t\t<\/div>\n\t\t<\/section>\n\t\t\t\t\t<\/div>\n\t\t<\/div>\n\t\t\t\t\t<\/div>\n\t\t<\/section>\n\t\t\t\t<\/div>\n\t\t","protected":false},"excerpt":{"rendered":"<p>Nieruchomo\u015bci Zapoznaj si\u0119 z aktualn\u0105 ofert\u0105. Sprawd\u017a Ruchomo\u015bci Zapoznaj si\u0119 z aktualn\u0105 ofert\u0105. Sprawd\u017a Prawa maj\u0105tkowe Zapoznaj si\u0119 z aktualn\u0105 [&hellip;]<\/p>\n","protected":false},"author":1,"featured_media":0,"parent":0,"menu_order":0,"comment_status":"closed","ping_status":"closed","template":"","meta":{"site-sidebar-layout":"no-sidebar","site-content-layout":"","ast-site-content-layout":"full-width-container","site-content-style":"default","site-sidebar-style":"default","ast-global-header-display":"","ast-banner-title-visibility":"","ast-main-header-display":"","ast-hfb-above-header-display":"","ast-hfb-below-header-display":"","ast-hfb-mobile-header-display":"","site-post-title":"disabled","ast-breadcrumbs-content":"","ast-featured-img":"disabled","footer-sml-layout":"","theme-transparent-header-meta":"","adv-header-id-meta":"","stick-header-meta":"","header-above-stick-meta":"","header-main-stick-meta":"","header-below-stick-meta":"","astra-migrate-meta-layouts":"default","ast-page-background-enabled":"default","ast-page-background-meta":{"desktop":{"background-color":"var(--ast-global-color-4)","background-image":"","background-repeat":"repeat","background-position":"center center","background-size":"auto","background-attachment":"scroll","background-type":"","background-media":"","overlay-type":"","overlay-color":"","overlay-opacity":"","overlay-gradient":""},"tablet":{"background-color":"","background-image":"","background-repeat":"repeat","background-position":"center center","background-size":"auto","background-attachment":"scroll","background-type":"","background-media":"","overlay-type":"","overlay-color":"","overlay-opacity":"","overlay-gradient":""},"mobile":{"background-color":"","background-image":"","background-repeat":"repeat","background-position":"center center","background-size":"auto","background-attachment":"scroll","background-type":"","background-media":"","overlay-type":"","overlay-color":"","overlay-opacity":"","overlay-gradient":""}},"ast-content-background-meta":{"desktop":{"background-color":"var(--ast-global-color-5)","background-image":"","background-repeat":"repeat","background-position":"center center","background-size":"auto","background-attachment":"scroll","background-type":"","background-media":"","overlay-type":"","overlay-color":"","overlay-opacity":"","overlay-gradient":""},"tablet":{"background-color":"var(--ast-global-color-5)","background-image":"","background-repeat":"repeat","background-position":"center center","background-size":"auto","background-attachment":"scroll","background-type":"","background-media":"","overlay-type":"","overlay-color":"","overlay-opacity":"","overlay-gradient":""},"mobile":{"background-color":"var(--ast-global-color-5)","background-image":"","background-repeat":"repeat","background-position":"center center","background-size":"auto","background-attachment":"scroll","background-type":"","background-media":"","overlay-type":"","overlay-color":"","overlay-opacity":"","overlay-gradient":""}},"footnotes":""},"class_list":["post-791","page","type-page","status-publish","hentry"],"yoast_head":"<!-- This site is optimized with the Yoast SEO plugin v23.3 - https:\/\/yoast.com\/wordpress\/plugins\/seo\/ -->\n<title>NA SPRZEDA\u017b - Jedli\u0144ski-Restrukturyzacja<\/title>\n<meta name=\"description\" content=\"Sprawd\u017a nieruchomo\u015bci, ruchomo\u015bci oraz prawa maj\u0105tkowe, kt\u00f3re przeznaczone s\u0105 na sprzeda\u017c w toku toczonych post\u0119powa\u0144.\" \/>\n<meta name=\"robots\" content=\"index, follow, max-snippet:-1, max-image-preview:large, max-video-preview:-1\" \/>\n<link rel=\"canonical\" href=\"https:\/\/jedlinski-restrukturyzacja.pl\/?page_id=791\" \/>\n<meta property=\"og:locale\" content=\"en_US\" \/>\n<meta property=\"og:type\" content=\"article\" \/>\n<meta property=\"og:title\" content=\"NA SPRZEDA\u017b - Jedli\u0144ski-Restrukturyzacja\" \/>\n<meta property=\"og:description\" content=\"Sprawd\u017a nieruchomo\u015bci, ruchomo\u015bci oraz prawa maj\u0105tkowe, kt\u00f3re przeznaczone s\u0105 na sprzeda\u017c w toku toczonych post\u0119powa\u0144.\" \/>\n<meta property=\"og:url\" content=\"https:\/\/jedlinski-restrukturyzacja.pl\/?page_id=791\" \/>\n<meta property=\"og:site_name\" content=\"Jedli\u0144ski-Restrukturyzacja\" \/>\n<meta property=\"article:modified_time\" content=\"2024-08-22T08:40:47+00:00\" \/>\n<meta name=\"twitter:card\" content=\"summary_large_image\" \/>\n<meta name=\"twitter:label1\" content=\"Est. reading time\" \/>\n\t<meta name=\"twitter:data1\" content=\"1 minute\" \/>\n<script type=\"application\/ld+json\" class=\"yoast-schema-graph\">{\"@context\":\"https:\/\/schema.org\",\"@graph\":[{\"@type\":\"WebPage\",\"@id\":\"https:\/\/jedlinski-restrukturyzacja.pl\/?page_id=791\",\"url\":\"https:\/\/jedlinski-restrukturyzacja.pl\/?page_id=791\",\"name\":\"NA SPRZEDA\u017b - Jedli\u0144ski-Restrukturyzacja\",\"isPartOf\":{\"@id\":\"https:\/\/jedlinski-restrukturyzacja.pl\/#website\"},\"datePublished\":\"2024-08-22T08:14:52+00:00\",\"dateModified\":\"2024-08-22T08:40:47+00:00\",\"description\":\"Sprawd\u017a nieruchomo\u015bci, ruchomo\u015bci oraz prawa maj\u0105tkowe, kt\u00f3re przeznaczone s\u0105 na sprzeda\u017c w toku toczonych post\u0119powa\u0144.\",\"breadcrumb\":{\"@id\":\"https:\/\/jedlinski-restrukturyzacja.pl\/?page_id=791#breadcrumb\"},\"inLanguage\":\"en-US\",\"potentialAction\":[{\"@type\":\"ReadAction\",\"target\":[\"https:\/\/jedlinski-restrukturyzacja.pl\/?page_id=791\"]}]},{\"@type\":\"BreadcrumbList\",\"@id\":\"https:\/\/jedlinski-restrukturyzacja.pl\/?page_id=791#breadcrumb\",\"itemListElement\":[{\"@type\":\"ListItem\",\"position\":1,\"name\":\"Strona g\u0142\u00f3wna\",\"item\":\"https:\/\/jedlinski-restrukturyzacja.pl\/\"},{\"@type\":\"ListItem\",\"position\":2,\"name\":\"NA SPRZEDA\u017b\"}]},{\"@type\":\"WebSite\",\"@id\":\"https:\/\/jedlinski-restrukturyzacja.pl\/#website\",\"url\":\"https:\/\/jedlinski-restrukturyzacja.pl\/\",\"name\":\"Jedli\u0144ski-Restrukturyzacja\",\"description\":\"\",\"potentialAction\":[{\"@type\":\"SearchAction\",\"target\":{\"@type\":\"EntryPoint\",\"urlTemplate\":\"https:\/\/jedlinski-restrukturyzacja.pl\/?s={search_term_string}\"},\"query-input\":\"required name=search_term_string\"}],\"inLanguage\":\"en-US\"}]}<\/script>\n<!-- \/ Yoast SEO plugin. -->","yoast_head_json":{"title":"NA SPRZEDA\u017b - Jedli\u0144ski-Restrukturyzacja","description":"Sprawd\u017a nieruchomo\u015bci, ruchomo\u015bci oraz prawa maj\u0105tkowe, kt\u00f3re przeznaczone s\u0105 na sprzeda\u017c w toku toczonych post\u0119powa\u0144.","robots":{"index":"index","follow":"follow","max-snippet":"max-snippet:-1","max-image-preview":"max-image-preview:large","max-video-preview":"max-video-preview:-1"},"canonical":"https:\/\/jedlinski-restrukturyzacja.pl\/?page_id=791","og_locale":"en_US","og_type":"article","og_title":"NA SPRZEDA\u017b - Jedli\u0144ski-Restrukturyzacja","og_description":"Sprawd\u017a nieruchomo\u015bci, ruchomo\u015bci oraz prawa maj\u0105tkowe, kt\u00f3re przeznaczone s\u0105 na sprzeda\u017c w toku toczonych post\u0119powa\u0144.","og_url":"https:\/\/jedlinski-restrukturyzacja.pl\/?page_id=791","og_site_name":"Jedli\u0144ski-Restrukturyzacja","article_modified_time":"2024-08-22T08:40:47+00:00","twitter_card":"summary_large_image","twitter_misc":{"Est. reading time":"1 minute"},"schema":{"@context":"https:\/\/schema.org","@graph":[{"@type":"WebPage","@id":"https:\/\/jedlinski-restrukturyzacja.pl\/?page_id=791","url":"https:\/\/jedlinski-restrukturyzacja.pl\/?page_id=791","name":"NA SPRZEDA\u017b - Jedli\u0144ski-Restrukturyzacja","isPartOf":{"@id":"https:\/\/jedlinski-restrukturyzacja.pl\/#website"},"datePublished":"2024-08-22T08:14:52+00:00","dateModified":"2024-08-22T08:40:47+00:00","description":"Sprawd\u017a nieruchomo\u015bci, ruchomo\u015bci oraz prawa maj\u0105tkowe, kt\u00f3re przeznaczone s\u0105 na sprzeda\u017c w toku toczonych post\u0119powa\u0144.","breadcrumb":{"@id":"https:\/\/jedlinski-restrukturyzacja.pl\/?page_id=791#breadcrumb"},"inLanguage":"en-US","potentialAction":[{"@type":"ReadAction","target":["https:\/\/jedlinski-restrukturyzacja.pl\/?page_id=791"]}]},{"@type":"BreadcrumbList","@id":"https:\/\/jedlinski-restrukturyzacja.pl\/?page_id=791#breadcrumb","itemListElement":[{"@type":"ListItem","position":1,"name":"Strona g\u0142\u00f3wna","item":"https:\/\/jedlinski-restrukturyzacja.pl\/"},{"@type":"ListItem","position":2,"name":"NA SPRZEDA\u017b"}]},{"@type":"WebSite","@id":"https:\/\/jedlinski-restrukturyzacja.pl\/#website","url":"https:\/\/jedlinski-restrukturyzacja.pl\/","name":"Jedli\u0144ski-Restrukturyzacja","description":"","potentialAction":[{"@type":"SearchAction","target":{"@type":"EntryPoint","urlTemplate":"https:\/\/jedlinski-restrukturyzacja.pl\/?s={search_term_string}"},"query-input":"required name=search_term_string"}],"inLanguage":"en-US"}]}},"_links":{"self":[{"href":"https:\/\/jedlinski-restrukturyzacja.pl\/index.php?rest_route=\/wp\/v2\/pages\/791","targetHints":{"allow":["GET"]}}],"collection":[{"href":"https:\/\/jedlinski-restrukturyzacja.pl\/index.php?rest_route=\/wp\/v2\/pages"}],"about":[{"href":"https:\/\/jedlinski-restrukturyzacja.pl\/index.php?rest_route=\/wp\/v2\/types\/page"}],"author":[{"embeddable":true,"href":"https:\/\/jedlinski-restrukturyzacja.pl\/index.php?rest_route=\/wp\/v2\/users\/1"}],"replies":[{"embeddable":true,"href":"https:\/\/jedlinski-restrukturyzacja.pl\/index.php?rest_route=%2Fwp%2Fv2%2Fcomments&post=791"}],"version-history":[{"count":13,"href":"https:\/\/jedlinski-restrukturyzacja.pl\/index.php?rest_route=\/wp\/v2\/pages\/791\/revisions"}],"predecessor-version":[{"id":832,"href":"https:\/\/jedlinski-restrukturyzacja.pl\/index.php?rest_route=\/wp\/v2\/pages\/791\/revisions\/832"}],"wp:attachment":[{"href":"https:\/\/jedlinski-restrukturyzacja.pl\/index.php?rest_route=%2Fwp%2Fv2%2Fmedia&parent=791"}],"curies":[{"name":"wp","href":"https:\/\/api.w.org\/{rel}","templated":true}]}}